{"id":2725,"date":"2020-09-28T09:11:08","date_gmt":"2020-09-28T09:11:08","guid":{"rendered":"http:\/\/www.faveo-healthcare.com\/zivotne-prostredie\/"},"modified":"2020-09-28T09:25:07","modified_gmt":"2020-09-28T09:25:07","slug":"zivotne-prostredie","status":"publish","type":"page","link":"https:\/\/www.faveo-healthcare.com\/sk\/zivotne-prostredie\/","title":{"rendered":"\u017divotn\u00e9 prostredie"},"content":{"rendered":"<div class=\"fusion-fullwidth fullwidth-box fusion-builder-row-1 nonhundred-percent-fullwidth non-hundred-percent-height-scrolling\" style=\"--awb-border-radius-top-left:0px;--awb-border-radius-top-right:0px;--awb-border-radius-bottom-right:0px;--awb-border-radius-bottom-left:0px;--awb-flex-wrap:wrap;\" ><div class=\"fusion-builder-row fusion-row\"><div class=\"fusion-layout-column fusion_builder_column fusion-builder-column-0 fusion_builder_column_1_3 1_3 fusion-one-third fusion-column-first\" style=\"--awb-bg-color:#ffffff;--awb-bg-color-hover:#ffffff;--awb-bg-size:cover;width:33.333333333333%;width:calc(33.333333333333% - ( ( 0% ) * 0.33333333333333 ) );margin-right: 0%;\"><div class=\"fusion-column-wrapper fusion-column-has-shadow fusion-flex-column-wrapper-legacy\"><div class=\"fusion-title title fusion-title-1 fusion-sep-none fusion-title-text fusion-title-size-three\" style=\"--awb-margin-top:0px;\"><h3 class=\"fusion-title-heading title-heading-left\" style=\"margin:0;\"><h1>Faveo a \u017eivotn\u00e9 prostredie<\/h1><\/h3><\/div><div class=\"fusion-image-element in-legacy-container\" style=\"--awb-caption-title-font-family:var(--h2_typography-font-family);--awb-caption-title-font-weight:var(--h2_typography-font-weight);--awb-caption-title-font-style:var(--h2_typography-font-style);--awb-caption-title-size:var(--h2_typography-font-size);--awb-caption-title-transform:var(--h2_typography-text-transform);--awb-caption-title-line-height:var(--h2_typography-line-height);--awb-caption-title-letter-spacing:var(--h2_typography-letter-spacing);\"><span class=\" fusion-imageframe imageframe-none imageframe-1 hover-type-none\"><img decoding=\"async\" width=\"1172\" height=\"1663\" title=\"Faveo ISO 14001-2015 2018-2021\" src=\"https:\/\/www.faveo-healthcare.com\/wp-content\/uploads\/2020\/06\/Faveo-ISO-14001-2015-2018-2021.jpg\" alt class=\"img-responsive wp-image-1124\" srcset=\"https:\/\/www.faveo-healthcare.com\/wp-content\/uploads\/2020\/06\/Faveo-ISO-14001-2015-2018-2021-200x284.jpg 200w, https:\/\/www.faveo-healthcare.com\/wp-content\/uploads\/2020\/06\/Faveo-ISO-14001-2015-2018-2021-400x568.jpg 400w, https:\/\/www.faveo-healthcare.com\/wp-content\/uploads\/2020\/06\/Faveo-ISO-14001-2015-2018-2021-600x851.jpg 600w, https:\/\/www.faveo-healthcare.com\/wp-content\/uploads\/2020\/06\/Faveo-ISO-14001-2015-2018-2021-800x1135.jpg 800w, https:\/\/www.faveo-healthcare.com\/wp-content\/uploads\/2020\/06\/Faveo-ISO-14001-2015-2018-2021.jpg 1172w\" sizes=\"(max-width: 800px) 100vw, 600px\" \/><\/span><\/div><ul style=\"--awb-line-height:27.2px;--awb-icon-width:27.2px;--awb-icon-height:27.2px;--awb-icon-margin:11.2px;--awb-content-margin:38.4px;--awb-circlecolor:#65bc7b;--awb-circle-yes-font-size:14.08px;\" class=\"fusion-checklist fusion-checklist-1 fusion-checklist-default fusion-checklist-divider type-icons\"><li class=\"fusion-li-item\" style=\"\"><span class=\"icon-wrapper circle-yes\"><i class=\"fusion-li-icon fa-user-check fas\" aria-hidden=\"true\"><\/i><\/span><div class=\"fusion-li-item-content\">\n<p>ISO 14001:2015 Syst\u00e9m environment\u00e1lneho mana\u017e\u00e9ra<\/p>\n<\/div><\/li><li class=\"fusion-li-item\" style=\"\"><span class=\"icon-wrapper circle-yes\"><i class=\"fusion-li-icon fa-user-check fas\" aria-hidden=\"true\"><\/i><\/span><div class=\"fusion-li-item-content\">\n<p>V\u0161etky priadze maj\u00fa certifik\u00e1ty v\u00fdrobcu Oeko-Tex\u00ae<\/p>\n<\/div><\/li><li class=\"fusion-li-item\" style=\"\"><span class=\"icon-wrapper circle-yes\"><i class=\"fusion-li-icon fa-temperature-high fas\" aria-hidden=\"true\"><\/i><\/span><div class=\"fusion-li-item-content\">\n<p>Rekuperovanie tepla pou\u017e\u00edvan\u00e9 na zachyt\u00e1vanie odpadov\u00e9ho tepla na pou\u017eitie pri ohreve vody a priestoru<\/p>\n<\/div><\/li><li class=\"fusion-li-item\" style=\"\"><span class=\"icon-wrapper circle-yes\"><i class=\"fusion-li-icon fa-cloud-sun fas\" aria-hidden=\"true\"><\/i><\/span><div class=\"fusion-li-item-content\">\n<p>300kWp fotovoltaick\u00e9 sol\u00e1rnej elektriny projekt navrhnut\u00fd a pripraven\u00fd na in\u0161tal\u00e1ciu (oneskoren\u00e9 kv\u00f4li Covid-19)<\/p>\n<\/div><\/li><li class=\"fusion-li-item\" style=\"\"><span class=\"icon-wrapper circle-yes\"><i class=\"fusion-li-icon fa-project-diagram fas\" aria-hidden=\"true\"><\/i><\/span><div class=\"fusion-li-item-content\">\n<p>Odpadov\u00e9 materi\u00e1ly separovan\u00e9 do r\u00f4znych tokov a recyklovan\u00e9 tam, kde je to mo\u017en\u00e9<\/p>\n<\/div><\/li><\/ul><div class=\"fusion-clearfix\"><\/div><\/div><\/div><div class=\"fusion-layout-column fusion_builder_column fusion-builder-column-1 fusion_builder_column_2_3 2_3 fusion-two-third fusion-column-last\" style=\"--awb-bg-size:cover;width:66.666666666667%;width:calc(66.666666666667% - ( ( 0% ) * 0.66666666666667 ) );\"><div class=\"fusion-column-wrapper fusion-column-has-shadow fusion-flex-column-wrapper-legacy\"><div class=\"fusion-text fusion-text-1\"><\/div><div class=\"fusion-sep-clear\"><\/div><div class=\"fusion-separator fusion-full-width-sep\" style=\"margin-left: auto;margin-right: auto;margin-bottom:180px;width:100%;\"><div class=\"fusion-separator-border sep-double\" style=\"--awb-height:20px;--awb-amount:20px;border-color:#e2e2e2;border-top-width:0px;border-bottom-width:0px;\"><\/div><\/div><div class=\"fusion-sep-clear\"><\/div><div class=\"fusion-image-element in-legacy-container\" style=\"--awb-caption-title-font-family:var(--h2_typography-font-family);--awb-caption-title-font-weight:var(--h2_typography-font-weight);--awb-caption-title-font-style:var(--h2_typography-font-style);--awb-caption-title-size:var(--h2_typography-font-size);--awb-caption-title-transform:var(--h2_typography-text-transform);--awb-caption-title-line-height:var(--h2_typography-line-height);--awb-caption-title-letter-spacing:var(--h2_typography-letter-spacing);\"><span class=\" fusion-imageframe imageframe-none imageframe-2 hover-type-none\"><img decoding=\"async\" width=\"1107\" height=\"622\" title=\"Jazero Domasa 2020\" src=\"https:\/\/www.faveo-healthcare.com\/wp-content\/uploads\/2020\/07\/Domasa-lake-2020.jpg\" alt class=\"img-responsive wp-image-2489\" srcset=\"https:\/\/www.faveo-healthcare.com\/wp-content\/uploads\/2020\/07\/Domasa-lake-2020-200x112.jpg 200w, https:\/\/www.faveo-healthcare.com\/wp-content\/uploads\/2020\/07\/Domasa-lake-2020-400x225.jpg 400w, https:\/\/www.faveo-healthcare.com\/wp-content\/uploads\/2020\/07\/Domasa-lake-2020-600x337.jpg 600w, https:\/\/www.faveo-healthcare.com\/wp-content\/uploads\/2020\/07\/Domasa-lake-2020-800x450.jpg 800w, https:\/\/www.faveo-healthcare.com\/wp-content\/uploads\/2020\/07\/Domasa-lake-2020.jpg 1107w\" sizes=\"(max-width: 800px) 100vw, 1107px\" \/><\/span><\/div><div class=\"fusion-text fusion-text-2\"><h5 style=\"text-align: right;\"><em><strong>\u010cist\u00e1 horsk\u00e1 voda pre na\u0161e um\u00fdvacie oddelenie poch\u00e1dza z ne\u010falek\u00e9ho jazera Doma\u0161a<\/strong><\/em><\/h5>\n<\/div><div class=\"fusion-clearfix\"><\/div><\/div><\/div><\/div><\/div>\n","protected":false},"excerpt":{"rendered":"","protected":false},"author":1,"featured_media":0,"parent":0,"menu_order":0,"comment_status":"closed","ping_status":"closed","template":"","meta":{"_acf_changed":false,"footnotes":""},"class_list":["post-2725","page","type-page","status-publish","hentry"],"acf":[],"_links":{"self":[{"href":"https:\/\/www.faveo-healthcare.com\/sk\/wp-json\/wp\/v2\/pages\/2725","targetHints":{"allow":["GET"]}}],"collection":[{"href":"https:\/\/www.faveo-healthcare.com\/sk\/wp-json\/wp\/v2\/pages"}],"about":[{"href":"https:\/\/www.faveo-healthcare.com\/sk\/wp-json\/wp\/v2\/types\/page"}],"author":[{"embeddable":true,"href":"https:\/\/www.faveo-healthcare.com\/sk\/wp-json\/wp\/v2\/users\/1"}],"replies":[{"embeddable":true,"href":"https:\/\/www.faveo-healthcare.com\/sk\/wp-json\/wp\/v2\/comments?post=2725"}],"version-history":[{"count":11,"href":"https:\/\/www.faveo-healthcare.com\/sk\/wp-json\/wp\/v2\/pages\/2725\/revisions"}],"predecessor-version":[{"id":2736,"href":"https:\/\/www.faveo-healthcare.com\/sk\/wp-json\/wp\/v2\/pages\/2725\/revisions\/2736"}],"wp:attachment":[{"href":"https:\/\/www.faveo-healthcare.com\/sk\/wp-json\/wp\/v2\/media?parent=2725"}],"curies":[{"name":"wp","href":"https:\/\/api.w.org\/{rel}","templated":true}]}}