{"id":2705,"date":"2020-09-27T15:46:43","date_gmt":"2020-09-27T15:46:43","guid":{"rendered":"http:\/\/www.faveo-healthcare.com\/tvarove-masky\/"},"modified":"2021-03-14T16:42:38","modified_gmt":"2021-03-14T16:42:38","slug":"tvarove-masky","status":"publish","type":"page","link":"https:\/\/www.faveo-healthcare.com\/sk\/tvarove-masky\/","title":{"rendered":"Tv\u00e1rov\u00e9 masky"},"content":{"rendered":"<p><div class=\"fusion-fullwidth fullwidth-box fusion-builder-row-1 nonhundred-percent-fullwidth non-hundred-percent-height-scrolling\" style=\"--awb-border-radius-top-left:0px;--awb-border-radius-top-right:0px;--awb-border-radius-bottom-right:0px;--awb-border-radius-bottom-left:0px;--awb-flex-wrap:wrap;\" ><div class=\"fusion-builder-row fusion-row\"><div class=\"fusion-layout-column fusion_builder_column fusion-builder-column-0 fusion_builder_column_1_3 1_3 fusion-one-third fusion-column-first\" style=\"--awb-bg-color:#ffffff;--awb-bg-color-hover:#ffffff;--awb-bg-size:cover;width:33.333333333333%;width:calc(33.333333333333% - ( ( 0% + 10% ) * 0.33333333333333 ) );margin-right: 0%;\"><div class=\"fusion-column-wrapper fusion-column-has-shadow fusion-flex-column-wrapper-legacy\"><div class=\"fusion-title title fusion-title-1 fusion-sep-none fusion-title-text fusion-title-size-three\" style=\"--awb-margin-top:0px;\"><h3 class=\"fusion-title-heading title-heading-left\" style=\"margin:0;\"><h1>Antibakteri\u00e1lne tv\u00e1rov\u00e9 masky<\/h1><\/h3><\/div><div class=\"fusion-image-element in-legacy-container\" style=\"--awb-caption-title-font-family:var(--h2_typography-font-family);--awb-caption-title-font-weight:var(--h2_typography-font-weight);--awb-caption-title-font-style:var(--h2_typography-font-style);--awb-caption-title-size:var(--h2_typography-font-size);--awb-caption-title-transform:var(--h2_typography-text-transform);--awb-caption-title-line-height:var(--h2_typography-line-height);--awb-caption-title-letter-spacing:var(--h2_typography-letter-spacing);\"><span class=\" fusion-imageframe imageframe-none imageframe-1 hover-type-zoomin fusion-animated\" data-animationType=\"zoomInLeft\" data-animationDuration=\"0.3\" data-animationOffset=\"top-into-view\"><img decoding=\"async\" width=\"1822\" height=\"1599\" title=\"Masks 6 colours 05-2020\" src=\"https:\/\/www.faveo-healthcare.com\/wp-content\/uploads\/2020\/05\/Masks-6-colours-05-2020.jpg\" alt class=\"img-responsive wp-image-704\" srcset=\"https:\/\/www.faveo-healthcare.com\/wp-content\/uploads\/2020\/05\/Masks-6-colours-05-2020-1200x1053.jpg 1200w, https:\/\/www.faveo-healthcare.com\/wp-content\/uploads\/2020\/05\/Masks-6-colours-05-2020.jpg 1822w\" sizes=\"(max-width: 800px) 100vw, 1822px\" \/><\/span><\/div><div class=\"fusion-text fusion-text-1\"><p><strong><em>Certifik\u00e1ty a protokoly o sk\u00fa\u0161kach<\/em><\/strong><\/p>\n<p>Antibakteri\u00e1lne vlastnosti boli schv\u00e1len\u00e9 certifik\u00e1tom VUTCH \u2013 CHEMITEX pod\u013ea normy AATCC TM 100: 2012 (Klebsiella pneumoniae, Staphylococcus aureus) a protokolom o teste VUTCH \u2013 CHEMITEX pod\u013ea \u0161tandardnej spr\u00e1vy ASTM E2149-13a (Escherichia coli).<\/p>\n<p><strong>PROLEN\u00aeSILTEX<\/strong> sp\u013a\u0148a po\u017eiadavky Oeko-tex\u00ae Standard 100 \u2013 trieda 1- detsk\u00e9 v\u00fdrobky. \u013dudsko-ekologick\u00e9 vlastnosti <strong>PROLEN\u00aeSILTEX s\u00fa<\/strong> Bluesign\u00ae SCHV\u00c1LEN\u00c9.<\/p>\n<\/div><div class=\"fusion-clearfix\"><\/div><\/div><\/div><div class=\"fusion-layout-column fusion_builder_column fusion-builder-column-1 fusion_builder_column_1_3 1_3 fusion-one-third\" style=\"--awb-bg-size:cover;--awb-margin-top:16px;--awb-margin-bottom:16px;width:33.333333333333%;width:calc(33.333333333333% - ( ( 0% + 10% ) * 0.33333333333333 ) );margin-right: 10%;\"><div class=\"fusion-column-wrapper fusion-column-has-shadow fusion-flex-column-wrapper-legacy\"><div class=\"fusion-text fusion-text-2\"><p><strong>PROLEN\u00aeSILTEX je \u0161peci\u00e1lna<\/strong> polypropyl\u00e9nov\u00e1 priadza o\u0161etren\u00e1 trvalou antibakteri\u00e1lnou pr\u00edsadou na b\u00e1ze skle s fosfore\u010dnanom strieborn\u00fdm.<\/p>\n<p><strong>PROLEN\u00aeSILTEX je<\/strong> \u00fa\u010dinn\u00fd proti rastu bakt\u00e9ri\u00ed a nepr\u00edjemn\u00fdm v\u00f4niam pre hygienick\u00fa svie\u017eos\u0165. Je to ne\u0161kodn\u00e9 pre \u013eud\u00ed a \u017eivotn\u00e9 prostredie.<\/p>\n<p>Antibakteri\u00e1lny \u00fa\u010dinok striebra je zn\u00e1my u\u017e po mnoho storo\u010d\u00ed. I\u00f3ny striebra inhibuj\u00fa rast bakt\u00e9ri\u00ed, zni\u017euj\u00fa nepr\u00edjemn\u00e9 pachy, udr\u017eiavaj\u00fa biologick\u00fa rovnov\u00e1hu poko\u017eky a nastavuj\u00fa hygienick\u00fa \u010derstvos\u0165 produktu po\u010das \u0161portov\u00fdch a vo\u013eno\u010dasov\u00fdch aktiv\u00edt. Vzh\u013eadom na to, \u017ee bakteriostatick\u00e9 \u010dinidlo sa aplikuje na jadro priadze a nie na jej povrch, nemigruje z tkaniny a trvalo v nej zost\u00e1va aj po viacn\u00e1sobnom pran\u00ed.<\/p>\n<p><strong>PROLEN\u00aeSILTEX bol vytvoren\u00fd<\/strong> pre spodn\u00fa bielize\u0148, \u0161portov\u00e9 odevy, pracovn\u00e9 odevy, pono\u017eky, plniaci materi\u00e1l pre top\u00e1nky, poste\u013en\u00e9 pr\u00e1dlo, pod\u0161\u00edvku a \u010dal\u00fanenie na ochranu v prostred\u00ed, ktor\u00e9 si vy\u017eaduje vysok\u00e9 hygienick\u00e9 \u0161tandardy.<\/p>\n<\/div><div class=\"fusion-clearfix\"><\/div><\/div><\/div><div class=\"fusion-layout-column fusion_builder_column fusion-builder-column-2 fusion_builder_column_1_3 1_3 fusion-one-third fusion-column-last\" style=\"--awb-bg-size:cover;--awb-margin-top:16px;--awb-margin-bottom:16px;width:33.333333333333%;width:calc(33.333333333333% - ( ( 0% + 10% ) * 0.33333333333333 ) );\"><div class=\"fusion-column-wrapper fusion-column-has-shadow fusion-flex-column-wrapper-legacy\"><div class=\"fusion-image-element in-legacy-container\" style=\"--awb-caption-title-font-family:var(--h2_typography-font-family);--awb-caption-title-font-weight:var(--h2_typography-font-weight);--awb-caption-title-font-style:var(--h2_typography-font-style);--awb-caption-title-size:var(--h2_typography-font-size);--awb-caption-title-transform:var(--h2_typography-text-transform);--awb-caption-title-line-height:var(--h2_typography-line-height);--awb-caption-title-letter-spacing:var(--h2_typography-letter-spacing);\"><span class=\" fusion-imageframe imageframe-none imageframe-2 hover-type-zoomin\"><img decoding=\"async\" width=\"1199\" height=\"1682\" title=\"Masks Anti- Bacterial Cert SK version\" src=\"https:\/\/www.faveo-healthcare.com\/wp-content\/uploads\/2020\/06\/Masks-Anti-Bacterial-Cert-SK-version.jpg\" alt class=\"img-responsive wp-image-1838\" srcset=\"https:\/\/www.faveo-healthcare.com\/wp-content\/uploads\/2020\/06\/Masks-Anti-Bacterial-Cert-SK-version-200x281.jpg 200w, https:\/\/www.faveo-healthcare.com\/wp-content\/uploads\/2020\/06\/Masks-Anti-Bacterial-Cert-SK-version-400x561.jpg 400w, https:\/\/www.faveo-healthcare.com\/wp-content\/uploads\/2020\/06\/Masks-Anti-Bacterial-Cert-SK-version-600x842.jpg 600w, https:\/\/www.faveo-healthcare.com\/wp-content\/uploads\/2020\/06\/Masks-Anti-Bacterial-Cert-SK-version-800x1122.jpg 800w, https:\/\/www.faveo-healthcare.com\/wp-content\/uploads\/2020\/06\/Masks-Anti-Bacterial-Cert-SK-version.jpg 1199w\" sizes=\"(max-width: 800px) 100vw, 400px\" \/><\/span><\/div><div class=\"fusion-image-element in-legacy-container\" style=\"--awb-caption-title-font-family:var(--h2_typography-font-family);--awb-caption-title-font-weight:var(--h2_typography-font-weight);--awb-caption-title-font-style:var(--h2_typography-font-style);--awb-caption-title-size:var(--h2_typography-font-size);--awb-caption-title-transform:var(--h2_typography-text-transform);--awb-caption-title-line-height:var(--h2_typography-line-height);--awb-caption-title-letter-spacing:var(--h2_typography-letter-spacing);\"><span class=\" fusion-imageframe imageframe-none imageframe-3 hover-type-zoomin\"><img decoding=\"async\" width=\"1168\" height=\"1664\" title=\"Masks Anti- Bacterial Cert EN translation\" src=\"https:\/\/www.faveo-healthcare.com\/wp-content\/uploads\/2020\/06\/Masks-Anti-Bacterial-Cert-EN-translation.jpg\" alt class=\"img-responsive wp-image-1817\" srcset=\"https:\/\/www.faveo-healthcare.com\/wp-content\/uploads\/2020\/06\/Masks-Anti-Bacterial-Cert-EN-translation-200x285.jpg 200w, https:\/\/www.faveo-healthcare.com\/wp-content\/uploads\/2020\/06\/Masks-Anti-Bacterial-Cert-EN-translation-400x570.jpg 400w, https:\/\/www.faveo-healthcare.com\/wp-content\/uploads\/2020\/06\/Masks-Anti-Bacterial-Cert-EN-translation-600x855.jpg 600w, https:\/\/www.faveo-healthcare.com\/wp-content\/uploads\/2020\/06\/Masks-Anti-Bacterial-Cert-EN-translation-800x1140.jpg 800w, https:\/\/www.faveo-healthcare.com\/wp-content\/uploads\/2020\/06\/Masks-Anti-Bacterial-Cert-EN-translation.jpg 1168w\" sizes=\"(max-width: 800px) 100vw, 400px\" \/><\/span><\/div><div class=\"fusion-clearfix\"><\/div><\/div><\/div><\/div><\/div><div class=\"fusion-fullwidth fullwidth-box fusion-builder-row-2 nonhundred-percent-fullwidth non-hundred-percent-height-scrolling\" style=\"--awb-border-radius-top-left:0px;--awb-border-radius-top-right:0px;--awb-border-radius-bottom-right:0px;--awb-border-radius-bottom-left:0px;--awb-flex-wrap:wrap;\" ><div class=\"fusion-builder-row fusion-row\"><div class=\"fusion-layout-column fusion_builder_column fusion-builder-column-3 fusion_builder_column_1_6 1_6 fusion-one-sixth fusion-column-first\" style=\"--awb-bg-size:cover;width:16.666666666667%;width:calc(16.666666666667% - ( ( 4% + 4% + 4% ) * 0.16666666666667 ) );margin-right: 4%;\"><div class=\"fusion-column-wrapper fusion-column-has-shadow fusion-flex-column-wrapper-legacy\"><i class=\"fb-icon-element-1 fb-icon-element fontawesome-icon fa-box-open fas circle-yes fusion-text-flow\" style=\"--awb-iconcolor:#000000;--awb-circlecolor:#ffffff;--awb-circlebordersize:1px;--awb-font-size:28.16px;--awb-width:56.32px;--awb-height:56.32px;--awb-line-height:54.32px;--awb-margin-right:16px;\"><\/i><div class=\"fusion-text fusion-text-3\"><h2 style=\"text-align: left;\">Podrobnosti o balen\u00ed<\/h2>\n<\/div><div class=\"fusion-clearfix\"><\/div><\/div><\/div><div class=\"fusion-layout-column fusion_builder_column fusion-builder-column-4 fusion_builder_column_1_3 1_3 fusion-one-third\" style=\"--awb-bg-size:cover;width:33.333333333333%;width:calc(33.333333333333% - ( ( 4% + 4% + 4% ) * 0.33333333333333 ) );margin-right: 4%;\"><div class=\"fusion-column-wrapper fusion-column-has-shadow fusion-flex-column-wrapper-legacy\"><div class=\"fusion-text fusion-text-4\"><p><b>Be\u017ene dod\u00e1van\u00e9 vo\u013ene lo\u017een\u00e9, ale m\u00f4\u017eu by\u0165 dod\u00e1van\u00e9 v mal\u00fdch ve\u013ekostiach po\u010dtu pri niektor\u00fdch dodato\u010dn\u00fdch n\u00e1kladoch na manipul\u00e1ciu a balenie.<\/b><\/p>\n<p><b>Dizajn balenia a z\u00edskavanie zdrojov je mo\u017en\u00e9 poskytn\u00fa\u0165 za pr\u00edplatok.<\/b><\/p>\n<p><b>Mo\u017enosti zah\u0155\u0148aj\u00fa flexibiln\u00e9 (ta\u0161ka) alebo tuh\u00e9 (krabica) a\u017e 6 farieb.<\/b><\/p>\n<\/div><div class=\"fusion-clearfix\"><\/div><\/div><\/div><div class=\"fusion-layout-column fusion_builder_column fusion-builder-column-5 fusion_builder_column_1_6 1_6 fusion-one-sixth\" style=\"--awb-bg-size:cover;width:16.666666666667%;width:calc(16.666666666667% - ( ( 4% + 4% + 4% ) * 0.16666666666667 ) );margin-right: 4%;\"><div class=\"fusion-column-wrapper fusion-column-has-shadow fusion-flex-column-wrapper-legacy\"><i class=\"fb-icon-element-2 fb-icon-element fontawesome-icon fa-th fas circle-yes fusion-text-flow\" style=\"--awb-iconcolor:#000000;--awb-circlecolor:#ffffff;--awb-circlecolor-hover:#00bcd4;--awb-circlebordercolor:#000000;--awb-circlebordercolor-hover:#ffffff;--awb-circlebordersize:1px;--awb-font-size:28.16px;--awb-width:56.32px;--awb-height:56.32px;--awb-line-height:54.32px;--awb-margin-right:16px;\"><\/i><div class=\"fusion-text fusion-text-5\"><h2 style=\"text-align: left;\">Materi\u00e1ly<\/h2>\n<\/div><div class=\"fusion-clearfix\"><\/div><\/div><\/div><div class=\"fusion-layout-column fusion_builder_column fusion-builder-column-6 fusion_builder_column_1_3 1_3 fusion-one-third fusion-column-last\" style=\"--awb-bg-size:cover;width:33.333333333333%;width:calc(33.333333333333% - ( ( 4% + 4% + 4% ) * 0.33333333333333 ) );\"><div class=\"fusion-column-wrapper fusion-column-has-shadow fusion-flex-column-wrapper-legacy\">\n<div class=\"table-2\">\n<table style=\"height: 148px;\" width=\"257\">\n<thead>\n<tr>\n<th align=\"left\">Materi\u00e1ly<\/th>\n<th align=\"left\">% <em>(pribli\u017en\u00e9)<\/em><\/th>\n<th align=\"left\">Pozn\u00e1mky<\/th>\n<\/tr>\n<\/thead>\n<tbody>\n<tr>\n<td align=\"left\">Polypropyl\u00e9n*<\/td>\n<td align=\"left\">75%<\/td>\n<td align=\"left\">*<strong>PROLEN\u00aeSILTEX lie\u010den\u00fd trvalou antibakteri\u00e1lnou doplnkovou l\u00e1tkou na b\u00e1ze sklen\u00e9ho fosfore\u010dnanu strieborn\u00e9ho<\/strong><\/td>\n<\/tr>\n<tr>\n<td align=\"left\">Polyamidov\u00fd<\/td>\n<td align=\"left\">10%<\/td>\n<td align=\"left\"><\/td>\n<\/tr>\n<tr>\n<td align=\"left\">Elastan<\/td>\n<td align=\"left\">15%<\/td>\n<td align=\"left\"><\/td>\n<\/tr>\n<\/tbody>\n<\/table>\n<\/div>\n<div class=\"fusion-clearfix\"><\/div><\/div><\/div><\/div><\/div><\/p>\n","protected":false},"excerpt":{"rendered":"","protected":false},"author":1,"featured_media":0,"parent":0,"menu_order":0,"comment_status":"closed","ping_status":"closed","template":"","meta":{"_acf_changed":false,"footnotes":""},"class_list":["post-2705","page","type-page","status-publish","hentry"],"acf":[],"_links":{"self":[{"href":"https:\/\/www.faveo-healthcare.com\/sk\/wp-json\/wp\/v2\/pages\/2705","targetHints":{"allow":["GET"]}}],"collection":[{"href":"https:\/\/www.faveo-healthcare.com\/sk\/wp-json\/wp\/v2\/pages"}],"about":[{"href":"https:\/\/www.faveo-healthcare.com\/sk\/wp-json\/wp\/v2\/types\/page"}],"author":[{"embeddable":true,"href":"https:\/\/www.faveo-healthcare.com\/sk\/wp-json\/wp\/v2\/users\/1"}],"replies":[{"embeddable":true,"href":"https:\/\/www.faveo-healthcare.com\/sk\/wp-json\/wp\/v2\/comments?post=2705"}],"version-history":[{"count":20,"href":"https:\/\/www.faveo-healthcare.com\/sk\/wp-json\/wp\/v2\/pages\/2705\/revisions"}],"predecessor-version":[{"id":6484,"href":"https:\/\/www.faveo-healthcare.com\/sk\/wp-json\/wp\/v2\/pages\/2705\/revisions\/6484"}],"wp:attachment":[{"href":"https:\/\/www.faveo-healthcare.com\/sk\/wp-json\/wp\/v2\/media?parent=2705"}],"curies":[{"name":"wp","href":"https:\/\/api.w.org\/{rel}","templated":true}]}}