{"id":11173,"date":"2024-10-17T15:58:40","date_gmt":"2024-10-17T15:58:40","guid":{"rendered":"https:\/\/www.faveo-healthcare.com\/gdpr\/"},"modified":"2024-10-17T15:58:48","modified_gmt":"2024-10-17T15:58:48","slug":"gdpr","status":"publish","type":"page","link":"https:\/\/www.faveo-healthcare.com\/sk\/gdpr\/","title":{"rendered":"GDPR"},"content":{"rendered":"<div class=\"fusion-fullwidth fullwidth-box fusion-builder-row-1 fusion-flex-container has-pattern-background has-mask-background nonhundred-percent-fullwidth non-hundred-percent-height-scrolling\" style=\"--awb-border-radius-top-left:0px;--awb-border-radius-top-right:0px;--awb-border-radius-bottom-right:0px;--awb-border-radius-bottom-left:0px;--awb-flex-wrap:wrap;\" ><div class=\"fusion-builder-row fusion-row fusion-flex-align-items-flex-start fusion-flex-content-wrap\" style=\"max-width:1248px;margin-left: calc(-4% \/ 2 );margin-right: calc(-4% \/ 2 );\"><div class=\"fusion-layout-column fusion_builder_column fusion-builder-column-0 fusion_builder_column_1_1 1_1 fusion-flex-column\" style=\"--awb-bg-size:cover;--awb-width-large:100%;--awb-margin-top-large:0px;--awb-spacing-right-large:1.92%;--awb-margin-bottom-large:20px;--awb-spacing-left-large:1.92%;--awb-width-medium:100%;--awb-order-medium:0;--awb-spacing-right-medium:1.92%;--awb-spacing-left-medium:1.92%;--awb-width-small:100%;--awb-order-small:0;--awb-spacing-right-small:1.92%;--awb-spacing-left-small:1.92%;\"><div class=\"fusion-column-wrapper fusion-column-has-shadow fusion-flex-justify-content-flex-start fusion-content-layout-column\"><div class=\"fusion-text fusion-text-1 awb-text-cols fusion-text-columns-2\" style=\"--awb-columns:2;--awb-column-spacing:2em;--awb-column-min-width:100px;\"><p><strong>ANGLICK\u00c1 VERZIA M\u00c1 PREDNOS\u0164 \/ <\/strong><strong style=\"color: var(--awb-text-color); font-family: var(--awb-text-font-family); font-size: var(--awb-font-size); font-style: var(--awb-text-font-style); letter-spacing: var(--awb-letter-spacing); text-align: var(--awb-content-alignment); text-transform: var(--awb-text-transform); background-color: var(--awb-bg-color-hover);\">PREKLADY MAJ\u00da LEN INFORMAT\u00cdVNY CHARAKTER<\/strong><\/p>\n<p><span style=\"color: var(--awb-text-color); font-family: var(--awb-text-font-family); font-size: var(--awb-font-size); font-style: var(--awb-text-font-style); letter-spacing: var(--awb-letter-spacing); text-align: var(--awb-content-alignment); text-transform: var(--awb-text-transform); background-color: var(--awb-bg-color-hover);\"><b>T\u00e1to webov\u00e1 lokalita zhroma\u017e\u010fuje niektor\u00e9 osobn\u00e9 \u00fadaje od svojich pou\u017e\u00edvate\u013eov.<\/b><\/span> <b>Pou\u017e\u00edvan\u00edm str\u00e1nky potvrdzujete svoj s\u00fahlas s podmienkami ochrany osobn\u00fdch \u00fadajov.  <\/b><strong><br \/>\n<\/strong><\/p>\n<p>&nbsp;<\/p>\n<p><strong>KR\u00c1TKA VERZIA <\/strong><span style=\"color: var(--awb-text-color); font-family: var(--awb-text-font-family); font-size: var(--awb-font-size); font-style: var(--awb-text-font-style); letter-spacing: var(--awb-letter-spacing); text-align: var(--awb-content-alignment); text-transform: var(--awb-text-transform); background-color: var(--awb-bg-color-hover);\"><b>Z\u00e1sady ochrany osobn\u00fdch \u00fadajov spolo\u010dnosti<\/b><\/span> <strong style=\"color: var(--awb-text-color); font-family: var(--awb-text-font-family); font-size: var(--awb-font-size); font-style: var(--awb-text-font-style); letter-spacing: var(--awb-letter-spacing); text-align: var(--awb-content-alignment); text-transform: var(--awb-text-transform); background-color: var(--awb-bg-color-hover);\">faveo-healthcare.com<\/strong><\/p>\n<p><strong>Osobn\u00e9 \u00fadaje sprac\u00favan\u00e9 na tieto \u00fa\u010dely a s vyu\u017eit\u00edm t\u00fdchto slu\u017eieb:<\/strong><\/p>\n<ul>\n<li>\n<ul>\n<li><strong>Analytika<\/strong>\n<ul>\n<li><strong>Google Analytics (Universal Analytics)<\/strong><\/li>\n<\/ul>\n<\/li>\n<\/ul>\n<\/li>\n<\/ul>\n<p>Osobn\u00e9 \u00fadaje: Sledovacie zariadenia; \u00fadaje o pou\u017e\u00edvan\u00ed<\/p>\n<ul>\n<li style=\"list-style-type: none;\">\n<ul>\n<li><strong>Ukladanie a spr\u00e1va z\u00e1loh<\/strong>\n<ul>\n<li><strong>Sectigo CodeGuard<\/strong><\/li>\n<\/ul>\n<\/li>\n<\/ul>\n<\/li>\n<\/ul>\n<p>Osobn\u00e9 \u00fadaje: \u00dadaje o pou\u017e\u00edvan\u00ed<\/p>\n<ul>\n<li style=\"list-style-type: none;\">\n<ul>\n<li><strong>Tvorba a prev\u00e1dzka tejto webovej str\u00e1nky<\/strong>\n<ul>\n<li><strong>WordPress (self-hosting)<\/strong><\/li>\n<\/ul>\n<\/li>\n<\/ul>\n<\/li>\n<\/ul>\n<p>Osobn\u00e9 \u00fadaje: e-mailov\u00e1 adresa<\/p>\n<ul>\n<li style=\"list-style-type: none;\">\n<ul>\n<li><strong>Kontaktovanie pou\u017e\u00edvate\u013ea<\/strong>\n<ul>\n<li><strong>Kontaktn\u00fd formul\u00e1r<\/strong><\/li>\n<\/ul>\n<\/li>\n<\/ul>\n<\/li>\n<\/ul>\n<p>Osobn\u00e9 \u00fadaje: e-mailov\u00e1 adresa; meno; priezvisko<\/p>\n<ul>\n<li style=\"list-style-type: none;\">\n<ul>\n<li><strong>Zobrazovanie obsahu z extern\u00fdch platforiem<\/strong>\n<ul>\n<li><strong>Fonty Google a video Vimeo<\/strong><\/li>\n<\/ul>\n<\/li>\n<\/ul>\n<\/li>\n<\/ul>\n<p>Osobn\u00e9 \u00fadaje: Sledovacie zariadenia; \u00fadaje o pou\u017e\u00edvan\u00ed<\/p>\n<ul>\n<li style=\"list-style-type: none;\">\n<ul>\n<li><strong>Ochrana proti spamu a botom<\/strong>\n<ul>\n<li><strong>ReCAPTCHA od spolo\u010dnosti Google<\/strong><\/li>\n<\/ul>\n<\/li>\n<\/ul>\n<\/li>\n<\/ul>\n<p>Osobn\u00e9 \u00fadaje: odpovede na ot\u00e1zky; kliknutia; udalosti stla\u010denia kl\u00e1vesov; udalosti pohybov\u00e9ho senzora; pohyby my\u0161i; poloha pos\u00favania; udalosti dotyku; sledovacie zariadenia; \u00fadaje o pou\u017e\u00edvan\u00ed<\/p>\n<ul>\n<li style=\"list-style-type: none;\">\n<ul>\n<li><strong>Spr\u00e1va zna\u010diek<\/strong>\n<ul>\n<li><strong>Spr\u00e1vca zna\u010diek Google<\/strong><\/li>\n<\/ul>\n<\/li>\n<\/ul>\n<\/li>\n<\/ul>\n<p>Osobn\u00e9 \u00fadaje: Sledovacie zariadenia; \u00fadaje o pou\u017e\u00edvan\u00ed<\/p>\n<p><strong>Kontaktn\u00e9 inform\u00e1cie<\/strong><\/p>\n<ul>\n<li>\n<ul>\n<li><strong>Vlastn\u00edk a spr\u00e1vca \u00fadajov<\/strong><\/li>\n<\/ul>\n<\/li>\n<\/ul>\n<p>FAVEO HEALTHCARE 38 CASTLE PARK, MONKSTOWN, CO DUBLIN, A94 VN84, IRSKO <strong>Kontaktn\u00fd e-mail majite\u013ea:<\/strong> dublin@faveo-healthcare.com Posledn\u00e1 aktualiz\u00e1cia: 27. j\u00fala 2024<\/p>\n<p><b><a href=\"https:\/\/www.iubenda.com\/en\/privacy-and-cookie-policy-generator\" data-cmp-ab=\"2\">iubenda<\/a> je hostite\u013eom tohto obsahu a zhroma\u017e\u010fuje len <a href=\"https:\/\/www.iubenda.com\/privacy-policy\/65011295\" data-cmp-ab=\"2\">tie osobn\u00e9 \u00fadaje, ktor\u00e9 s\u00fa nevyhnutne potrebn\u00e9 na<\/a> jeho poskytnutie. Kliknut\u00edm na tla\u010didlo &#8222;Va\u0161e mo\u017enosti ochrany osobn\u00fdch \u00fadajov&#8220; ni\u017e\u0161ie z\u00edskate inform\u00e1cie o svojich mo\u017enostiach. <\/b><\/p>\n<\/div><div class=\"fusion-image-element \" style=\"--awb-caption-title-font-family:var(--h2_typography-font-family);--awb-caption-title-font-weight:var(--h2_typography-font-weight);--awb-caption-title-font-style:var(--h2_typography-font-style);--awb-caption-title-size:var(--h2_typography-font-size);--awb-caption-title-transform:var(--h2_typography-text-transform);--awb-caption-title-line-height:var(--h2_typography-line-height);--awb-caption-title-letter-spacing:var(--h2_typography-letter-spacing);\"><span class=\" fusion-imageframe imageframe-none imageframe-1 hover-type-none\"><img decoding=\"async\" width=\"912\" height=\"155\" title=\"GDPR Footer buttons image\" src=\"https:\/\/www.faveo-healthcare.com\/wp-content\/uploads\/2024\/08\/GDPR-Footer-buttons-image.jpg\" alt class=\"img-responsive wp-image-10968\" srcset=\"https:\/\/www.faveo-healthcare.com\/wp-content\/uploads\/2024\/08\/GDPR-Footer-buttons-image-200x34.jpg 200w, https:\/\/www.faveo-healthcare.com\/wp-content\/uploads\/2024\/08\/GDPR-Footer-buttons-image-400x68.jpg 400w, https:\/\/www.faveo-healthcare.com\/wp-content\/uploads\/2024\/08\/GDPR-Footer-buttons-image-600x102.jpg 600w, https:\/\/www.faveo-healthcare.com\/wp-content\/uploads\/2024\/08\/GDPR-Footer-buttons-image-800x136.jpg 800w, https:\/\/www.faveo-healthcare.com\/wp-content\/uploads\/2024\/08\/GDPR-Footer-buttons-image.jpg 912w\" sizes=\"(max-width: 1024px) 100vw, (max-width: 640px) 100vw, 912px\" \/><\/span><\/div><div class=\"fusion-text fusion-text-2\"><p><b>Pou\u017e\u00edvan\u00edm tejto webovej str\u00e1nky potvrdzujete svoj s\u00fahlas s podmienkami ochrany osobn\u00fdch \u00fadajov.  <\/b><\/p>\n<\/div><\/div><\/div><\/div><\/div>\n","protected":false},"excerpt":{"rendered":"","protected":false},"author":1,"featured_media":0,"parent":0,"menu_order":0,"comment_status":"closed","ping_status":"closed","template":"","meta":{"_acf_changed":false,"footnotes":""},"class_list":["post-11173","page","type-page","status-publish","hentry"],"acf":[],"_links":{"self":[{"href":"https:\/\/www.faveo-healthcare.com\/sk\/wp-json\/wp\/v2\/pages\/11173","targetHints":{"allow":["GET"]}}],"collection":[{"href":"https:\/\/www.faveo-healthcare.com\/sk\/wp-json\/wp\/v2\/pages"}],"about":[{"href":"https:\/\/www.faveo-healthcare.com\/sk\/wp-json\/wp\/v2\/types\/page"}],"author":[{"embeddable":true,"href":"https:\/\/www.faveo-healthcare.com\/sk\/wp-json\/wp\/v2\/users\/1"}],"replies":[{"embeddable":true,"href":"https:\/\/www.faveo-healthcare.com\/sk\/wp-json\/wp\/v2\/comments?post=11173"}],"version-history":[{"count":9,"href":"https:\/\/www.faveo-healthcare.com\/sk\/wp-json\/wp\/v2\/pages\/11173\/revisions"}],"predecessor-version":[{"id":11206,"href":"https:\/\/www.faveo-healthcare.com\/sk\/wp-json\/wp\/v2\/pages\/11173\/revisions\/11206"}],"wp:attachment":[{"href":"https:\/\/www.faveo-healthcare.com\/sk\/wp-json\/wp\/v2\/media?parent=11173"}],"curies":[{"name":"wp","href":"https:\/\/api.w.org\/{rel}","templated":true}]}}