{"id":11155,"date":"2024-10-17T15:58:08","date_gmt":"2024-10-17T15:58:08","guid":{"rendered":"https:\/\/www.faveo-healthcare.com\/rgpd\/"},"modified":"2024-10-17T15:58:10","modified_gmt":"2024-10-17T15:58:10","slug":"rgpd","status":"publish","type":"page","link":"https:\/\/www.faveo-healthcare.com\/pt-pt\/rgpd\/","title":{"rendered":"RGPD"},"content":{"rendered":"<div class=\"fusion-fullwidth fullwidth-box fusion-builder-row-1 fusion-flex-container has-pattern-background has-mask-background nonhundred-percent-fullwidth non-hundred-percent-height-scrolling\" style=\"--awb-border-radius-top-left:0px;--awb-border-radius-top-right:0px;--awb-border-radius-bottom-right:0px;--awb-border-radius-bottom-left:0px;--awb-flex-wrap:wrap;\" ><div class=\"fusion-builder-row fusion-row fusion-flex-align-items-flex-start fusion-flex-content-wrap\" style=\"max-width:1248px;margin-left: calc(-4% \/ 2 );margin-right: calc(-4% \/ 2 );\"><div class=\"fusion-layout-column fusion_builder_column fusion-builder-column-0 fusion_builder_column_1_1 1_1 fusion-flex-column\" style=\"--awb-bg-size:cover;--awb-width-large:100%;--awb-margin-top-large:0px;--awb-spacing-right-large:1.92%;--awb-margin-bottom-large:20px;--awb-spacing-left-large:1.92%;--awb-width-medium:100%;--awb-order-medium:0;--awb-spacing-right-medium:1.92%;--awb-spacing-left-medium:1.92%;--awb-width-small:100%;--awb-order-small:0;--awb-spacing-right-small:1.92%;--awb-spacing-left-small:1.92%;\"><div class=\"fusion-column-wrapper fusion-column-has-shadow fusion-flex-justify-content-flex-start fusion-content-layout-column\"><div class=\"fusion-text fusion-text-1 awb-text-cols fusion-text-columns-2\" style=\"--awb-columns:2;--awb-column-spacing:2em;--awb-column-min-width:100px;\"><p><strong>A VERS\u00c3O EM L\u00cdNGUA INGLESA TEM PRIORIDADE \/ <\/strong><strong style=\"color: var(--awb-text-color); font-family: var(--awb-text-font-family); font-size: var(--awb-font-size); font-style: var(--awb-text-font-style); letter-spacing: var(--awb-letter-spacing); text-align: var(--awb-content-alignment); text-transform: var(--awb-text-transform); background-color: var(--awb-bg-color-hover);\">AS TRADU\u00c7\u00d5ES T\u00caM CAR\u00c1CTER MERAMENTE INFORMATIVO<\/strong><\/p>\n<p><span style=\"color: var(--awb-text-color); font-family: var(--awb-text-font-family); font-size: var(--awb-font-size); font-style: var(--awb-text-font-style); letter-spacing: var(--awb-letter-spacing); text-align: var(--awb-content-alignment); text-transform: var(--awb-text-transform); background-color: var(--awb-bg-color-hover);\"><b>Este Website recolhe alguns Dados Pessoais dos seus Utilizadores.<\/b><\/span> <b>A sua utiliza\u00e7\u00e3o do s\u00edtio confirmar\u00e1 a sua aceita\u00e7\u00e3o dos termos e condi\u00e7\u00f5es de privacidade  <\/b><strong><br \/>\n<\/strong><\/p>\n<p>&nbsp;<\/p>\n<p><strong>VERS\u00c3O CURTA <\/strong><span style=\"color: var(--awb-text-color); font-family: var(--awb-text-font-family); font-size: var(--awb-font-size); font-style: var(--awb-text-font-style); letter-spacing: var(--awb-letter-spacing); text-align: var(--awb-content-alignment); text-transform: var(--awb-text-transform); background-color: var(--awb-bg-color-hover);\"><b>Pol\u00edtica de privacidade de<\/b><\/span> <strong style=\"color: var(--awb-text-color); font-family: var(--awb-text-font-family); font-size: var(--awb-font-size); font-style: var(--awb-text-font-style); letter-spacing: var(--awb-letter-spacing); text-align: var(--awb-content-alignment); text-transform: var(--awb-text-transform); background-color: var(--awb-bg-color-hover);\">faveo-healthcare.com<\/strong><\/p>\n<p><strong>Dados pessoais tratados para os seguintes fins e utilizando os seguintes servi\u00e7os:<\/strong><\/p>\n<ul>\n<li>\n<ul>\n<li><strong>An\u00e1lises<\/strong>\n<ul>\n<li><strong>Google Analytics (Universal Analytics)<\/strong><\/li>\n<\/ul>\n<\/li>\n<\/ul>\n<\/li>\n<\/ul>\n<p>Dados pessoais: Rastreadores; Dados de utiliza\u00e7\u00e3o<\/p>\n<ul>\n<li style=\"list-style-type: none;\">\n<ul>\n<li><strong>Guardar e gerir c\u00f3pias de seguran\u00e7a<\/strong>\n<ul>\n<li><strong>Sectigo CodeGuard<\/strong><\/li>\n<\/ul>\n<\/li>\n<\/ul>\n<\/li>\n<\/ul>\n<p>Dados pessoais: Dados de utiliza\u00e7\u00e3o<\/p>\n<ul>\n<li style=\"list-style-type: none;\">\n<ul>\n<li><strong>Criar e gerir este s\u00edtio Web<\/strong>\n<ul>\n<li><strong>WordPress (auto-hospedado)<\/strong><\/li>\n<\/ul>\n<\/li>\n<\/ul>\n<\/li>\n<\/ul>\n<p>Dados pessoais: endere\u00e7o de correio eletr\u00f3nico<\/p>\n<ul>\n<li style=\"list-style-type: none;\">\n<ul>\n<li><strong>Contactar o utilizador<\/strong>\n<ul>\n<li><strong>Formul\u00e1rio de contacto<\/strong><\/li>\n<\/ul>\n<\/li>\n<\/ul>\n<\/li>\n<\/ul>\n<p>Dados pessoais: endere\u00e7o de correio eletr\u00f3nico; nome pr\u00f3prio; apelido<\/p>\n<ul>\n<li style=\"list-style-type: none;\">\n<ul>\n<li><strong>Visualizar conte\u00fados de plataformas externas<\/strong>\n<ul>\n<li><strong>Google Fonts e v\u00eddeo do Vimeo<\/strong><\/li>\n<\/ul>\n<\/li>\n<\/ul>\n<\/li>\n<\/ul>\n<p>Dados pessoais: Rastreadores; Dados de utiliza\u00e7\u00e3o<\/p>\n<ul>\n<li style=\"list-style-type: none;\">\n<ul>\n<li><strong>Prote\u00e7\u00e3o contra spam e bots<\/strong>\n<ul>\n<li><strong>Google reCAPTCHA<\/strong><\/li>\n<\/ul>\n<\/li>\n<\/ul>\n<\/li>\n<\/ul>\n<p>Dados pessoais: respostas a perguntas; cliques; eventos de press\u00e3o de teclas; eventos de sensores de movimento; movimentos do rato; posi\u00e7\u00e3o de deslocamento; eventos de toque; Rastreadores; Dados de utiliza\u00e7\u00e3o<\/p>\n<ul>\n<li style=\"list-style-type: none;\">\n<ul>\n<li><strong>Gest\u00e3o de etiquetas<\/strong>\n<ul>\n<li><strong>Gestor de tags do Google<\/strong><\/li>\n<\/ul>\n<\/li>\n<\/ul>\n<\/li>\n<\/ul>\n<p>Dados pessoais: Rastreadores; Dados de utiliza\u00e7\u00e3o<\/p>\n<p><strong>Informa\u00e7\u00f5es de contacto<\/strong><\/p>\n<ul>\n<li>\n<ul>\n<li><strong>Propriet\u00e1rio e respons\u00e1vel pelo tratamento de dados<\/strong><\/li>\n<\/ul>\n<\/li>\n<\/ul>\n<p>FAVEO HEALTHCARE 38 CASTLE PARK, MONKSTOWN, CO DUBLIN, A94 VN84, IRLANDA <strong>Email de contacto do propriet\u00e1rio:<\/strong> dublin@faveo-healthcare.com \u00daltima atualiza\u00e7\u00e3o: 27 de julho de 2024<\/p>\n<p><b><a href=\"https:\/\/www.iubenda.com\/en\/privacy-and-cookie-policy-generator\" data-cmp-ab=\"2\">A iubenda<\/a> aloja este conte\u00fado e apenas recolhe <a href=\"https:\/\/www.iubenda.com\/privacy-policy\/65011295\" data-cmp-ab=\"2\">os Dados Pessoais estritamente necess\u00e1rios<\/a> para a sua disponibiliza\u00e7\u00e3o. Clique no bot\u00e3o &#8220;As suas op\u00e7\u00f5es de privacidade&#8221; abaixo para conhecer as suas op\u00e7\u00f5es. <\/b><\/p>\n<\/div><div class=\"fusion-image-element \" style=\"--awb-caption-title-font-family:var(--h2_typography-font-family);--awb-caption-title-font-weight:var(--h2_typography-font-weight);--awb-caption-title-font-style:var(--h2_typography-font-style);--awb-caption-title-size:var(--h2_typography-font-size);--awb-caption-title-transform:var(--h2_typography-text-transform);--awb-caption-title-line-height:var(--h2_typography-line-height);--awb-caption-title-letter-spacing:var(--h2_typography-letter-spacing);\"><span class=\" fusion-imageframe imageframe-none imageframe-1 hover-type-none\"><img decoding=\"async\" width=\"912\" height=\"155\" title=\"GDPR Footer buttons image\" src=\"https:\/\/www.faveo-healthcare.com\/wp-content\/uploads\/2024\/08\/GDPR-Footer-buttons-image.jpg\" alt class=\"img-responsive wp-image-10965\" srcset=\"https:\/\/www.faveo-healthcare.com\/wp-content\/uploads\/2024\/08\/GDPR-Footer-buttons-image-200x34.jpg 200w, https:\/\/www.faveo-healthcare.com\/wp-content\/uploads\/2024\/08\/GDPR-Footer-buttons-image-400x68.jpg 400w, https:\/\/www.faveo-healthcare.com\/wp-content\/uploads\/2024\/08\/GDPR-Footer-buttons-image-600x102.jpg 600w, https:\/\/www.faveo-healthcare.com\/wp-content\/uploads\/2024\/08\/GDPR-Footer-buttons-image-800x136.jpg 800w, https:\/\/www.faveo-healthcare.com\/wp-content\/uploads\/2024\/08\/GDPR-Footer-buttons-image.jpg 912w\" sizes=\"(max-width: 1024px) 100vw, (max-width: 640px) 100vw, 912px\" \/><\/span><\/div><div class=\"fusion-text fusion-text-2\"><p><b>A sua utiliza\u00e7\u00e3o deste s\u00edtio Web confirmar\u00e1 a sua aceita\u00e7\u00e3o dos termos e condi\u00e7\u00f5es de privacidade  <\/b><\/p>\n<\/div><\/div><\/div><\/div><\/div>\n","protected":false},"excerpt":{"rendered":"","protected":false},"author":1,"featured_media":0,"parent":0,"menu_order":0,"comment_status":"closed","ping_status":"closed","template":"","meta":{"_acf_changed":false,"footnotes":""},"class_list":["post-11155","page","type-page","status-publish","hentry"],"acf":[],"_links":{"self":[{"href":"https:\/\/www.faveo-healthcare.com\/pt-pt\/wp-json\/wp\/v2\/pages\/11155","targetHints":{"allow":["GET"]}}],"collection":[{"href":"https:\/\/www.faveo-healthcare.com\/pt-pt\/wp-json\/wp\/v2\/pages"}],"about":[{"href":"https:\/\/www.faveo-healthcare.com\/pt-pt\/wp-json\/wp\/v2\/types\/page"}],"author":[{"embeddable":true,"href":"https:\/\/www.faveo-healthcare.com\/pt-pt\/wp-json\/wp\/v2\/users\/1"}],"replies":[{"embeddable":true,"href":"https:\/\/www.faveo-healthcare.com\/pt-pt\/wp-json\/wp\/v2\/comments?post=11155"}],"version-history":[{"count":5,"href":"https:\/\/www.faveo-healthcare.com\/pt-pt\/wp-json\/wp\/v2\/pages\/11155\/revisions"}],"predecessor-version":[{"id":11168,"href":"https:\/\/www.faveo-healthcare.com\/pt-pt\/wp-json\/wp\/v2\/pages\/11155\/revisions\/11168"}],"wp:attachment":[{"href":"https:\/\/www.faveo-healthcare.com\/pt-pt\/wp-json\/wp\/v2\/media?parent=11155"}],"curies":[{"name":"wp","href":"https:\/\/api.w.org\/{rel}","templated":true}]}}