{"id":11137,"date":"2024-10-17T15:57:59","date_gmt":"2024-10-17T15:57:59","guid":{"rendered":"https:\/\/www.faveo-healthcare.com\/rodo\/"},"modified":"2024-10-17T15:58:01","modified_gmt":"2024-10-17T15:58:01","slug":"rodo","status":"publish","type":"page","link":"https:\/\/www.faveo-healthcare.com\/pl\/rodo\/","title":{"rendered":"RODO"},"content":{"rendered":"<div class=\"fusion-fullwidth fullwidth-box fusion-builder-row-1 fusion-flex-container has-pattern-background has-mask-background nonhundred-percent-fullwidth non-hundred-percent-height-scrolling\" style=\"--awb-border-radius-top-left:0px;--awb-border-radius-top-right:0px;--awb-border-radius-bottom-right:0px;--awb-border-radius-bottom-left:0px;--awb-flex-wrap:wrap;\" ><div class=\"fusion-builder-row fusion-row fusion-flex-align-items-flex-start fusion-flex-content-wrap\" style=\"max-width:1248px;margin-left: calc(-4% \/ 2 );margin-right: calc(-4% \/ 2 );\"><div class=\"fusion-layout-column fusion_builder_column fusion-builder-column-0 fusion_builder_column_1_1 1_1 fusion-flex-column\" style=\"--awb-bg-size:cover;--awb-width-large:100%;--awb-margin-top-large:0px;--awb-spacing-right-large:1.92%;--awb-margin-bottom-large:20px;--awb-spacing-left-large:1.92%;--awb-width-medium:100%;--awb-order-medium:0;--awb-spacing-right-medium:1.92%;--awb-spacing-left-medium:1.92%;--awb-width-small:100%;--awb-order-small:0;--awb-spacing-right-small:1.92%;--awb-spacing-left-small:1.92%;\"><div class=\"fusion-column-wrapper fusion-column-has-shadow fusion-flex-justify-content-flex-start fusion-content-layout-column\"><div class=\"fusion-text fusion-text-1 awb-text-cols fusion-text-columns-2\" style=\"--awb-columns:2;--awb-column-spacing:2em;--awb-column-min-width:100px;\"><p><strong>ANGIELSKA WERSJA J\u0118ZYKOWA MA PIERWSZE\u0143STWO \/ <\/strong><strong style=\"color: var(--awb-text-color); font-family: var(--awb-text-font-family); font-size: var(--awb-font-size); font-style: var(--awb-text-font-style); letter-spacing: var(--awb-letter-spacing); text-align: var(--awb-content-alignment); text-transform: var(--awb-text-transform); background-color: var(--awb-bg-color-hover);\">T\u0141UMACZENIA MAJ\u0104 CHARAKTER WY\u0141\u0104CZNIE INFORMACYJNY<\/strong><\/p>\n<p><span style=\"color: var(--awb-text-color); font-family: var(--awb-text-font-family); font-size: var(--awb-font-size); font-style: var(--awb-text-font-style); letter-spacing: var(--awb-letter-spacing); text-align: var(--awb-content-alignment); text-transform: var(--awb-text-transform); background-color: var(--awb-bg-color-hover);\"><b>Niniejsza Witryna gromadzi pewne Dane Osobowe od swoich U\u017cytkownik\u00f3w.<\/b><\/span> <b>Korzystanie z witryny b\u0119dzie potwierdzeniem Pa\u0144stwa akceptacji warunk\u00f3w ochrony prywatno\u015bci  <\/b><strong><br \/>\n<\/strong><\/p>\n<p>&nbsp;<\/p>\n<p><strong>WERSJA SKR\u00d3CONA <\/strong><span style=\"color: var(--awb-text-color); font-family: var(--awb-text-font-family); font-size: var(--awb-font-size); font-style: var(--awb-text-font-style); letter-spacing: var(--awb-letter-spacing); text-align: var(--awb-content-alignment); text-transform: var(--awb-text-transform); background-color: var(--awb-bg-color-hover);\"><b>Polityka prywatno\u015bci<\/b><\/span> <strong style=\"color: var(--awb-text-color); font-family: var(--awb-text-font-family); font-size: var(--awb-font-size); font-style: var(--awb-text-font-style); letter-spacing: var(--awb-letter-spacing); text-align: var(--awb-content-alignment); text-transform: var(--awb-text-transform); background-color: var(--awb-bg-color-hover);\">faveo-healthcare.com<\/strong><\/p>\n<p><strong>Dane osobowe przetwarzane w nast\u0119puj\u0105cych celach i przy u\u017cyciu nast\u0119puj\u0105cych us\u0142ug:<\/strong><\/p>\n<ul>\n<li>\n<ul>\n<li><strong>Analityka<\/strong>\n<ul>\n<li><strong>Google Analytics (Universal Analytics)<\/strong><\/li>\n<\/ul>\n<\/li>\n<\/ul>\n<\/li>\n<\/ul>\n<p>Dane osobowe: Urz\u0105dzenia \u015bledz\u0105ce; Dane dotycz\u0105ce u\u017cytkowania<\/p>\n<ul>\n<li style=\"list-style-type: none;\">\n<ul>\n<li><strong>Zapisywanie i zarz\u0105dzanie kopiami zapasowymi<\/strong>\n<ul>\n<li><strong>Sectigo CodeGuard<\/strong><\/li>\n<\/ul>\n<\/li>\n<\/ul>\n<\/li>\n<\/ul>\n<p>Dane osobowe: Dane dotycz\u0105ce u\u017cytkowania<\/p>\n<ul>\n<li style=\"list-style-type: none;\">\n<ul>\n<li><strong>Tworzenie i prowadzenie tej strony internetowej<\/strong>\n<ul>\n<li><strong>WordPress (hosting w\u0142asny)<\/strong><\/li>\n<\/ul>\n<\/li>\n<\/ul>\n<\/li>\n<\/ul>\n<p>Dane osobowe: adres e-mail<\/p>\n<ul>\n<li style=\"list-style-type: none;\">\n<ul>\n<li><strong>Kontakt z u\u017cytkownikiem<\/strong>\n<ul>\n<li><strong>Formularz kontaktowy<\/strong><\/li>\n<\/ul>\n<\/li>\n<\/ul>\n<\/li>\n<\/ul>\n<p>Dane osobowe: adres e-mail; imi\u0119; nazwisko<\/p>\n<ul>\n<li style=\"list-style-type: none;\">\n<ul>\n<li><strong>Wy\u015bwietlanie tre\u015bci z platform zewn\u0119trznych<\/strong>\n<ul>\n<li><strong>Czcionki Google i wideo Vimeo<\/strong><\/li>\n<\/ul>\n<\/li>\n<\/ul>\n<\/li>\n<\/ul>\n<p>Dane osobowe: Urz\u0105dzenia \u015bledz\u0105ce; Dane dotycz\u0105ce u\u017cytkowania<\/p>\n<ul>\n<li style=\"list-style-type: none;\">\n<ul>\n<li><strong>Ochrona przed spamem i botami<\/strong>\n<ul>\n<li><strong>Google reCAPTCHA<\/strong><\/li>\n<\/ul>\n<\/li>\n<\/ul>\n<\/li>\n<\/ul>\n<p>Dane osobowe: odpowiedzi na pytania; klikni\u0119cia; zdarzenia naci\u015bni\u0119cia klawisza; zdarzenia czujnika ruchu; ruchy myszy; pozycja przewijania; zdarzenia dotykowe; Trackery; Dane u\u017cytkowania<\/p>\n<ul>\n<li style=\"list-style-type: none;\">\n<ul>\n<li><strong>Zarz\u0105dzanie tagami<\/strong>\n<ul>\n<li><strong>Mened\u017cer tag\u00f3w Google<\/strong><\/li>\n<\/ul>\n<\/li>\n<\/ul>\n<\/li>\n<\/ul>\n<p>Dane osobowe: Urz\u0105dzenia \u015bledz\u0105ce; Dane dotycz\u0105ce u\u017cytkowania<\/p>\n<p><strong>Informacje kontaktowe<\/strong><\/p>\n<ul>\n<li>\n<ul>\n<li><strong>W\u0142a\u015bciciel i administrator danych<\/strong><\/li>\n<\/ul>\n<\/li>\n<\/ul>\n<p>FAVEO HEALTHCARE 38 CASTLE PARK, MONKSTOWN, CO DUBLIN, A94 VN84, IRLANDIA <strong>Adres e-mail w\u0142a\u015bciciela:<\/strong> dublin@faveo-healthcare.com Ostatnia aktualizacja: 27 lipca 2024 r.<\/p>\n<p><b><a href=\"https:\/\/www.iubenda.com\/en\/privacy-and-cookie-policy-generator\" data-cmp-ab=\"2\">iubenda<\/a> hostuje te tre\u015bci i gromadzi tylko <a href=\"https:\/\/www.iubenda.com\/privacy-policy\/65011295\" data-cmp-ab=\"2\">te dane osobowe, kt\u00f3re s\u0105 niezb\u0119dne<\/a> do ich dostarczenia. Prosz\u0119 klikn\u0105\u0107 przycisk &#8222;Pa\u0144stwa wyb\u00f3r dotycz\u0105cy prywatno\u015bci&#8221; poni\u017cej, aby zapozna\u0107 si\u0119 z dost\u0119pnymi opcjami. <\/b><\/p>\n<\/div><div class=\"fusion-image-element \" style=\"--awb-caption-title-font-family:var(--h2_typography-font-family);--awb-caption-title-font-weight:var(--h2_typography-font-weight);--awb-caption-title-font-style:var(--h2_typography-font-style);--awb-caption-title-size:var(--h2_typography-font-size);--awb-caption-title-transform:var(--h2_typography-text-transform);--awb-caption-title-line-height:var(--h2_typography-line-height);--awb-caption-title-letter-spacing:var(--h2_typography-letter-spacing);\"><span class=\" fusion-imageframe imageframe-none imageframe-1 hover-type-none\"><img decoding=\"async\" width=\"912\" height=\"155\" title=\"GDPR Footer buttons image\" src=\"https:\/\/www.faveo-healthcare.com\/wp-content\/uploads\/2024\/08\/GDPR-Footer-buttons-image.jpg\" alt class=\"img-responsive wp-image-10964\" srcset=\"https:\/\/www.faveo-healthcare.com\/wp-content\/uploads\/2024\/08\/GDPR-Footer-buttons-image-200x34.jpg 200w, https:\/\/www.faveo-healthcare.com\/wp-content\/uploads\/2024\/08\/GDPR-Footer-buttons-image-400x68.jpg 400w, https:\/\/www.faveo-healthcare.com\/wp-content\/uploads\/2024\/08\/GDPR-Footer-buttons-image-600x102.jpg 600w, https:\/\/www.faveo-healthcare.com\/wp-content\/uploads\/2024\/08\/GDPR-Footer-buttons-image-800x136.jpg 800w, https:\/\/www.faveo-healthcare.com\/wp-content\/uploads\/2024\/08\/GDPR-Footer-buttons-image.jpg 912w\" sizes=\"(max-width: 1024px) 100vw, (max-width: 640px) 100vw, 912px\" \/><\/span><\/div><div class=\"fusion-text fusion-text-2\"><p><b>Korzystanie przez Pa\u0144stwa z tej strony internetowej oznacza akceptacj\u0119 warunk\u00f3w ochrony prywatno\u015bci  <\/b><\/p>\n<\/div><\/div><\/div><\/div><\/div>\n","protected":false},"excerpt":{"rendered":"","protected":false},"author":1,"featured_media":0,"parent":0,"menu_order":0,"comment_status":"closed","ping_status":"closed","template":"","meta":{"_acf_changed":false,"footnotes":""},"class_list":["post-11137","page","type-page","status-publish","hentry"],"acf":[],"_links":{"self":[{"href":"https:\/\/www.faveo-healthcare.com\/pl\/wp-json\/wp\/v2\/pages\/11137","targetHints":{"allow":["GET"]}}],"collection":[{"href":"https:\/\/www.faveo-healthcare.com\/pl\/wp-json\/wp\/v2\/pages"}],"about":[{"href":"https:\/\/www.faveo-healthcare.com\/pl\/wp-json\/wp\/v2\/types\/page"}],"author":[{"embeddable":true,"href":"https:\/\/www.faveo-healthcare.com\/pl\/wp-json\/wp\/v2\/users\/1"}],"replies":[{"embeddable":true,"href":"https:\/\/www.faveo-healthcare.com\/pl\/wp-json\/wp\/v2\/comments?post=11137"}],"version-history":[{"count":3,"href":"https:\/\/www.faveo-healthcare.com\/pl\/wp-json\/wp\/v2\/pages\/11137\/revisions"}],"predecessor-version":[{"id":11150,"href":"https:\/\/www.faveo-healthcare.com\/pl\/wp-json\/wp\/v2\/pages\/11137\/revisions\/11150"}],"wp:attachment":[{"href":"https:\/\/www.faveo-healthcare.com\/pl\/wp-json\/wp\/v2\/media?parent=11137"}],"curies":[{"name":"wp","href":"https:\/\/api.w.org\/{rel}","templated":true}]}}