{"id":3416,"date":"2020-09-28T13:21:23","date_gmt":"2020-09-28T13:21:23","guid":{"rendered":"http:\/\/www.faveo-healthcare.com\/gezichtsmaskers\/"},"modified":"2021-03-14T16:37:14","modified_gmt":"2021-03-14T16:37:14","slug":"gezichtsmaskers","status":"publish","type":"page","link":"https:\/\/www.faveo-healthcare.com\/nl\/gezichtsmaskers\/","title":{"rendered":"Gezichtsmaskers"},"content":{"rendered":"<p><div class=\"fusion-fullwidth fullwidth-box fusion-builder-row-1 nonhundred-percent-fullwidth non-hundred-percent-height-scrolling\" style=\"--awb-border-radius-top-left:0px;--awb-border-radius-top-right:0px;--awb-border-radius-bottom-right:0px;--awb-border-radius-bottom-left:0px;--awb-flex-wrap:wrap;\" ><div class=\"fusion-builder-row fusion-row\"><div class=\"fusion-layout-column fusion_builder_column fusion-builder-column-0 fusion_builder_column_1_3 1_3 fusion-one-third fusion-column-first\" style=\"--awb-bg-color:#ffffff;--awb-bg-color-hover:#ffffff;--awb-bg-size:cover;width:33.333333333333%;width:calc(33.333333333333% - ( ( 0% + 10% ) * 0.33333333333333 ) );margin-right: 0%;\"><div class=\"fusion-column-wrapper fusion-column-has-shadow fusion-flex-column-wrapper-legacy\"><div class=\"fusion-title title fusion-title-1 fusion-sep-none fusion-title-text fusion-title-size-three\" style=\"--awb-margin-top:0px;\"><h3 class=\"fusion-title-heading title-heading-left\" style=\"margin:0;\"><h1>Antibacteri\u00eble gezichtsmaskers<\/h1><\/h3><\/div><div class=\"fusion-image-element in-legacy-container\" style=\"--awb-caption-title-font-family:var(--h2_typography-font-family);--awb-caption-title-font-weight:var(--h2_typography-font-weight);--awb-caption-title-font-style:var(--h2_typography-font-style);--awb-caption-title-size:var(--h2_typography-font-size);--awb-caption-title-transform:var(--h2_typography-text-transform);--awb-caption-title-line-height:var(--h2_typography-line-height);--awb-caption-title-letter-spacing:var(--h2_typography-letter-spacing);\"><span class=\" fusion-imageframe imageframe-none imageframe-1 hover-type-zoomin fusion-animated\" data-animationType=\"zoomInLeft\" data-animationDuration=\"0.3\" data-animationOffset=\"top-into-view\"><img decoding=\"async\" width=\"1822\" height=\"1599\" title=\"Masks 6 colours 05-2020\" src=\"https:\/\/www.faveo-healthcare.com\/wp-content\/uploads\/2020\/05\/Masks-6-colours-05-2020.jpg\" alt class=\"img-responsive wp-image-692\" srcset=\"https:\/\/www.faveo-healthcare.com\/wp-content\/uploads\/2020\/05\/Masks-6-colours-05-2020-1200x1053.jpg 1200w, https:\/\/www.faveo-healthcare.com\/wp-content\/uploads\/2020\/05\/Masks-6-colours-05-2020.jpg 1822w\" sizes=\"(max-width: 800px) 100vw, 1822px\" \/><\/span><\/div><div class=\"fusion-text fusion-text-1\"><p><strong><em>Certificaten en testrapporten<\/em><\/strong><\/p>\n<p>Antibacteri\u00eble eigenschappen zijn goedgekeurd door het VUTCH \u2013 CHEMITEX certificaat volgens de standaard AATCC TM 100: 2012 (Klebsiella pneumoniae, Staphylococcus aureus) en door het VUTCH \u2013 CHEMITEX testrapport volgens de standaard ASTM E2149-13a (Escherichia coli).<\/p>\n<p><strong>PROLEN\u00aeSILTEX<\/strong> voldoet aan de eisen van Oeko-tex\u00ae Standard 100 \u2013 klasse 1- baby artikelen. De mens-ecologische eigenschappen van <strong>PROLEN\u00aeSILTEX<\/strong> zijn Bluesign\u00ae GOEDGEKEURD.<\/p>\n<\/div><div class=\"fusion-clearfix\"><\/div><\/div><\/div><div class=\"fusion-layout-column fusion_builder_column fusion-builder-column-1 fusion_builder_column_1_3 1_3 fusion-one-third\" style=\"--awb-bg-size:cover;--awb-margin-top:16px;--awb-margin-bottom:16px;width:33.333333333333%;width:calc(33.333333333333% - ( ( 0% + 10% ) * 0.33333333333333 ) );margin-right: 10%;\"><div class=\"fusion-column-wrapper fusion-column-has-shadow fusion-flex-column-wrapper-legacy\"><div class=\"fusion-text fusion-text-2\"><p><strong>PROLEN\u00aeSILTEX<\/strong> is een speciaal polypropyleen garen dat wordt behandeld met een permanent antibacterieel additief, op basis van zilverfosfaatglas.<\/p>\n<p><strong>PROLEN\u00aeSILTEX<\/strong> is effectief tegen de groei van bacteri\u00ebn en onaangename geuren voor hygi\u00ebnische versheid. Het is onschadelijk voor mens en milieu.<\/p>\n<p>Het antibacteri\u00eble effect van zilver is al vele eeuwen bekend. Zilverionen remmen de groei van bacteri\u00ebn, verminderen onaangename geuren, houden een biologisch evenwicht van uw huid en stellen hygi\u00ebnische frisheid in het product tijdens sport- en vrijetijdsactiviteiten. Vanwege het feit dat het bacteriostatische agens wordt toegepast op de kern van het garen en niet op het oppervlak, migreert het niet uit de stof en blijft het er permanent in, zelfs na meerdere wassen.<\/p>\n<p><strong>PROLEN\u00aeSILTEX<\/strong> is gemaakt voor ondergoed, sportkleding, werkkleding, sokken, vulmateriaal voor schoenen, beddengoed, voering en bekleding om te beschermen in omgevingen die hoge hygi\u00ebnische normen vereisen.<\/p>\n<\/div><div class=\"fusion-clearfix\"><\/div><\/div><\/div><div class=\"fusion-layout-column fusion_builder_column fusion-builder-column-2 fusion_builder_column_1_3 1_3 fusion-one-third fusion-column-last\" style=\"--awb-bg-size:cover;--awb-margin-top:16px;--awb-margin-bottom:16px;width:33.333333333333%;width:calc(33.333333333333% - ( ( 0% + 10% ) * 0.33333333333333 ) );\"><div class=\"fusion-column-wrapper fusion-column-has-shadow fusion-flex-column-wrapper-legacy\"><div class=\"fusion-image-element in-legacy-container\" style=\"--awb-caption-title-font-family:var(--h2_typography-font-family);--awb-caption-title-font-weight:var(--h2_typography-font-weight);--awb-caption-title-font-style:var(--h2_typography-font-style);--awb-caption-title-size:var(--h2_typography-font-size);--awb-caption-title-transform:var(--h2_typography-text-transform);--awb-caption-title-line-height:var(--h2_typography-line-height);--awb-caption-title-letter-spacing:var(--h2_typography-letter-spacing);\"><span class=\" fusion-imageframe imageframe-none imageframe-2 hover-type-zoomin\"><img decoding=\"async\" width=\"1199\" height=\"1682\" title=\"Masks Anti- Bacterial Cert SK version\" src=\"https:\/\/www.faveo-healthcare.com\/wp-content\/uploads\/2020\/06\/Masks-Anti-Bacterial-Cert-SK-version.jpg\" alt class=\"img-responsive wp-image-1826\" srcset=\"https:\/\/www.faveo-healthcare.com\/wp-content\/uploads\/2020\/06\/Masks-Anti-Bacterial-Cert-SK-version-200x281.jpg 200w, https:\/\/www.faveo-healthcare.com\/wp-content\/uploads\/2020\/06\/Masks-Anti-Bacterial-Cert-SK-version-400x561.jpg 400w, https:\/\/www.faveo-healthcare.com\/wp-content\/uploads\/2020\/06\/Masks-Anti-Bacterial-Cert-SK-version-600x842.jpg 600w, https:\/\/www.faveo-healthcare.com\/wp-content\/uploads\/2020\/06\/Masks-Anti-Bacterial-Cert-SK-version-800x1122.jpg 800w, https:\/\/www.faveo-healthcare.com\/wp-content\/uploads\/2020\/06\/Masks-Anti-Bacterial-Cert-SK-version.jpg 1199w\" sizes=\"(max-width: 800px) 100vw, 400px\" \/><\/span><\/div><div class=\"fusion-image-element in-legacy-container\" style=\"--awb-caption-title-font-family:var(--h2_typography-font-family);--awb-caption-title-font-weight:var(--h2_typography-font-weight);--awb-caption-title-font-style:var(--h2_typography-font-style);--awb-caption-title-size:var(--h2_typography-font-size);--awb-caption-title-transform:var(--h2_typography-text-transform);--awb-caption-title-line-height:var(--h2_typography-line-height);--awb-caption-title-letter-spacing:var(--h2_typography-letter-spacing);\"><span class=\" fusion-imageframe imageframe-none imageframe-3 hover-type-zoomin\"><img decoding=\"async\" width=\"1168\" height=\"1664\" title=\"Masks Anti- Bacterial Cert EN translation\" src=\"https:\/\/www.faveo-healthcare.com\/wp-content\/uploads\/2020\/06\/Masks-Anti-Bacterial-Cert-EN-translation.jpg\" alt class=\"img-responsive wp-image-1805\" srcset=\"https:\/\/www.faveo-healthcare.com\/wp-content\/uploads\/2020\/06\/Masks-Anti-Bacterial-Cert-EN-translation-200x285.jpg 200w, https:\/\/www.faveo-healthcare.com\/wp-content\/uploads\/2020\/06\/Masks-Anti-Bacterial-Cert-EN-translation-400x570.jpg 400w, https:\/\/www.faveo-healthcare.com\/wp-content\/uploads\/2020\/06\/Masks-Anti-Bacterial-Cert-EN-translation-600x855.jpg 600w, https:\/\/www.faveo-healthcare.com\/wp-content\/uploads\/2020\/06\/Masks-Anti-Bacterial-Cert-EN-translation-800x1140.jpg 800w, https:\/\/www.faveo-healthcare.com\/wp-content\/uploads\/2020\/06\/Masks-Anti-Bacterial-Cert-EN-translation.jpg 1168w\" sizes=\"(max-width: 800px) 100vw, 400px\" \/><\/span><\/div><div class=\"fusion-clearfix\"><\/div><\/div><\/div><\/div><\/div><div class=\"fusion-fullwidth fullwidth-box fusion-builder-row-2 nonhundred-percent-fullwidth non-hundred-percent-height-scrolling\" style=\"--awb-border-radius-top-left:0px;--awb-border-radius-top-right:0px;--awb-border-radius-bottom-right:0px;--awb-border-radius-bottom-left:0px;--awb-flex-wrap:wrap;\" ><div class=\"fusion-builder-row fusion-row\"><div class=\"fusion-layout-column fusion_builder_column fusion-builder-column-3 fusion_builder_column_1_6 1_6 fusion-one-sixth fusion-column-first\" style=\"--awb-bg-size:cover;width:16.666666666667%;width:calc(16.666666666667% - ( ( 4% + 4% + 4% ) * 0.16666666666667 ) );margin-right: 4%;\"><div class=\"fusion-column-wrapper fusion-column-has-shadow fusion-flex-column-wrapper-legacy\"><i class=\"fb-icon-element-1 fb-icon-element fontawesome-icon fa-box-open fas circle-yes fusion-text-flow\" style=\"--awb-iconcolor:#000000;--awb-circlecolor:#ffffff;--awb-circlebordersize:1px;--awb-font-size:28.16px;--awb-width:56.32px;--awb-height:56.32px;--awb-line-height:54.32px;--awb-margin-right:16px;\"><\/i><div class=\"fusion-text fusion-text-3\"><h2 style=\"text-align: left;\">Verpakkingsgegevens<\/h2>\n<\/div><div class=\"fusion-clearfix\"><\/div><\/div><\/div><div class=\"fusion-layout-column fusion_builder_column fusion-builder-column-4 fusion_builder_column_1_3 1_3 fusion-one-third\" style=\"--awb-bg-size:cover;width:33.333333333333%;width:calc(33.333333333333% - ( ( 4% + 4% + 4% ) * 0.33333333333333 ) );margin-right: 4%;\"><div class=\"fusion-column-wrapper fusion-column-has-shadow fusion-flex-column-wrapper-legacy\"><div class=\"fusion-text fusion-text-4\"><p><b>Normaal geleverd Bulk verpakt, maar kan in kleine tellingsgrootte bij sommige extra behandelings en verpakkingskosten worden geleverd.<\/b><\/p>\n<p><b>Verpakkingsontwerp en sourcing kunnen tegen meerprijs worden geleverd.<\/b><\/p>\n<p><b>Opties zijn flexibele (tas) of stijve (doos) tot 6 kleuren.<\/b><\/p>\n<\/div><div class=\"fusion-clearfix\"><\/div><\/div><\/div><div class=\"fusion-layout-column fusion_builder_column fusion-builder-column-5 fusion_builder_column_1_6 1_6 fusion-one-sixth\" style=\"--awb-bg-size:cover;width:16.666666666667%;width:calc(16.666666666667% - ( ( 4% + 4% + 4% ) * 0.16666666666667 ) );margin-right: 4%;\"><div class=\"fusion-column-wrapper fusion-column-has-shadow fusion-flex-column-wrapper-legacy\"><i class=\"fb-icon-element-2 fb-icon-element fontawesome-icon fa-th fas circle-yes fusion-text-flow\" style=\"--awb-iconcolor:#000000;--awb-circlecolor:#ffffff;--awb-circlecolor-hover:#00bcd4;--awb-circlebordercolor:#000000;--awb-circlebordercolor-hover:#ffffff;--awb-circlebordersize:1px;--awb-font-size:28.16px;--awb-width:56.32px;--awb-height:56.32px;--awb-line-height:54.32px;--awb-margin-right:16px;\"><\/i><div class=\"fusion-text fusion-text-5\"><h2 style=\"text-align: left;\">Materialen<\/h2>\n<\/div><div class=\"fusion-clearfix\"><\/div><\/div><\/div><div class=\"fusion-layout-column fusion_builder_column fusion-builder-column-6 fusion_builder_column_1_3 1_3 fusion-one-third fusion-column-last\" style=\"--awb-bg-size:cover;width:33.333333333333%;width:calc(33.333333333333% - ( ( 4% + 4% + 4% ) * 0.33333333333333 ) );\"><div class=\"fusion-column-wrapper fusion-column-has-shadow fusion-flex-column-wrapper-legacy\">\n<div class=\"table-2\">\n<table style=\"height: 148px;\" width=\"257\">\n<thead>\n<tr>\n<th align=\"left\">Materialen<\/th>\n<th align=\"left\">% <em>(bij benadering)<\/em><\/th>\n<th align=\"left\">Notities<\/th>\n<\/tr>\n<\/thead>\n<tbody>\n<tr>\n<td align=\"left\">Polypropyleen*<\/td>\n<td align=\"left\">75%<\/td>\n<td align=\"left\">*<strong>PROLEN\u00aeSILTEX behandeld met een permanent antibacterieel additief, op basis van zilverfosfaatglas<\/strong><\/td>\n<\/tr>\n<tr>\n<td align=\"left\">Polyamide<\/td>\n<td align=\"left\">10%<\/td>\n<td align=\"left\"><\/td>\n<\/tr>\n<tr>\n<td align=\"left\">Elastane (Elastane)<\/td>\n<td align=\"left\">15%<\/td>\n<td align=\"left\"><\/td>\n<\/tr>\n<\/tbody>\n<\/table>\n<\/div>\n<div class=\"fusion-clearfix\"><\/div><\/div><\/div><\/div><\/div><\/p>\n","protected":false},"excerpt":{"rendered":"","protected":false},"author":1,"featured_media":0,"parent":0,"menu_order":0,"comment_status":"closed","ping_status":"closed","template":"","meta":{"_acf_changed":false,"footnotes":""},"class_list":["post-3416","page","type-page","status-publish","hentry"],"acf":[],"_links":{"self":[{"href":"https:\/\/www.faveo-healthcare.com\/nl\/wp-json\/wp\/v2\/pages\/3416","targetHints":{"allow":["GET"]}}],"collection":[{"href":"https:\/\/www.faveo-healthcare.com\/nl\/wp-json\/wp\/v2\/pages"}],"about":[{"href":"https:\/\/www.faveo-healthcare.com\/nl\/wp-json\/wp\/v2\/types\/page"}],"author":[{"embeddable":true,"href":"https:\/\/www.faveo-healthcare.com\/nl\/wp-json\/wp\/v2\/users\/1"}],"replies":[{"embeddable":true,"href":"https:\/\/www.faveo-healthcare.com\/nl\/wp-json\/wp\/v2\/comments?post=3416"}],"version-history":[{"count":23,"href":"https:\/\/www.faveo-healthcare.com\/nl\/wp-json\/wp\/v2\/pages\/3416\/revisions"}],"predecessor-version":[{"id":6344,"href":"https:\/\/www.faveo-healthcare.com\/nl\/wp-json\/wp\/v2\/pages\/3416\/revisions\/6344"}],"wp:attachment":[{"href":"https:\/\/www.faveo-healthcare.com\/nl\/wp-json\/wp\/v2\/media?parent=3416"}],"curies":[{"name":"wp","href":"https:\/\/api.w.org\/{rel}","templated":true}]}}