{"id":4368,"date":"2020-10-22T14:47:07","date_gmt":"2020-10-22T14:47:07","guid":{"rendered":"https:\/\/www.faveo-healthcare.com\/arcmaszkok\/"},"modified":"2021-03-14T16:39:30","modified_gmt":"2021-03-14T16:39:30","slug":"arcmaszkok","status":"publish","type":"page","link":"https:\/\/www.faveo-healthcare.com\/hu\/arcmaszkok\/","title":{"rendered":"Arcmaszkok"},"content":{"rendered":"<p><div class=\"fusion-fullwidth fullwidth-box fusion-builder-row-1 nonhundred-percent-fullwidth non-hundred-percent-height-scrolling\" style=\"--awb-border-radius-top-left:0px;--awb-border-radius-top-right:0px;--awb-border-radius-bottom-right:0px;--awb-border-radius-bottom-left:0px;--awb-flex-wrap:wrap;\" ><div class=\"fusion-builder-row fusion-row\"><div class=\"fusion-layout-column fusion_builder_column fusion-builder-column-0 fusion_builder_column_1_3 1_3 fusion-one-third fusion-column-first\" style=\"--awb-bg-color:#ffffff;--awb-bg-color-hover:#ffffff;--awb-bg-size:cover;width:33.333333333333%;width:calc(33.333333333333% - ( ( 0% + 10% ) * 0.33333333333333 ) );margin-right: 0%;\"><div class=\"fusion-column-wrapper fusion-column-has-shadow fusion-flex-column-wrapper-legacy\"><div class=\"fusion-title title fusion-title-1 fusion-sep-none fusion-title-text fusion-title-size-three\" style=\"--awb-margin-top:0px;\"><h3 class=\"fusion-title-heading title-heading-left\" style=\"margin:0;\"><h1>Antibakteri\u00e1lis arcmaszkok<\/h1><\/h3><\/div><div class=\"fusion-image-element in-legacy-container\" style=\"--awb-caption-title-font-family:var(--h2_typography-font-family);--awb-caption-title-font-weight:var(--h2_typography-font-weight);--awb-caption-title-font-style:var(--h2_typography-font-style);--awb-caption-title-size:var(--h2_typography-font-size);--awb-caption-title-transform:var(--h2_typography-text-transform);--awb-caption-title-line-height:var(--h2_typography-line-height);--awb-caption-title-letter-spacing:var(--h2_typography-letter-spacing);\"><span class=\" fusion-imageframe imageframe-none imageframe-1 hover-type-zoomin fusion-animated\" data-animationType=\"zoomInLeft\" data-animationDuration=\"0.3\" data-animationOffset=\"top-into-view\"><img decoding=\"async\" width=\"1822\" height=\"1599\" title=\"Masks 6 colours 05-2020\" src=\"https:\/\/www.faveo-healthcare.com\/wp-content\/uploads\/2020\/05\/Masks-6-colours-05-2020.jpg\" alt class=\"img-responsive wp-image-20\" srcset=\"https:\/\/www.faveo-healthcare.com\/wp-content\/uploads\/2020\/05\/Masks-6-colours-05-2020-1200x1053.jpg 1200w, https:\/\/www.faveo-healthcare.com\/wp-content\/uploads\/2020\/05\/Masks-6-colours-05-2020.jpg 1822w\" sizes=\"(max-width: 800px) 100vw, 1822px\" \/><\/span><\/div><div class=\"fusion-text fusion-text-1\"><p><strong><em>Tan\u00fas\u00edtv\u00e1nyok \u00e9s tesztjelent\u00e9sek<\/em><\/strong><\/p>\n<p>Az antibakteri\u00e1lis tulajdons\u00e1gokat a VUTCH &#8211; CHEMITEX tan\u00fas\u00edtv\u00e1ny hagyta j\u00f3v\u00e1 az AATCC TM 100: 2012 szabv\u00e1ny (Klebsiella pneumoniae, Staphylococcus aureus) \u00e9s a VUTCH &#8211; CHEMITEX vizsg\u00e1lati jegyz\u0151k\u00f6nyv szerint az ASTM E2149-13a (Escherichia coli) szabv\u00e1ny szerint.<\/p>\n<p><strong>PROLEN\u00aeSILTEX<\/strong> megfelel az Oeko-tex\u00ae Standard 100 &#8211; 1. oszt\u00e1ly\u00fa babacikkek k\u00f6vetelm\u00e9nyeinek. A hum\u00e1n-\u00f6kol\u00f3giai tulajdons\u00e1gai<strong> PROLEN\u00aeSILTEX<\/strong> a Bluesign\u00ae J\u00d3V\u00c1HAGYOTT.<\/p>\n<\/div><div class=\"fusion-clearfix\"><\/div><\/div><\/div><div class=\"fusion-layout-column fusion_builder_column fusion-builder-column-1 fusion_builder_column_1_3 1_3 fusion-one-third\" style=\"--awb-bg-size:cover;--awb-margin-top:16px;--awb-margin-bottom:16px;width:33.333333333333%;width:calc(33.333333333333% - ( ( 0% + 10% ) * 0.33333333333333 ) );margin-right: 10%;\"><div class=\"fusion-column-wrapper fusion-column-has-shadow fusion-flex-column-wrapper-legacy\"><div class=\"fusion-text fusion-text-2\"><p><strong>PROLEN\u00aeSILTEX<\/strong> egy speci\u00e1lis polipropil\u00e9n fonal, amelyet \u00e1lland\u00f3 antibakteri\u00e1lis adal\u00e9kkal kezeltek, ez\u00fcst-foszf\u00e1t \u00fcveg alap\u00fa.<\/p>\n<p><strong>PROLEN\u00aeSILTEX<\/strong> hat\u00e9kony a bakt\u00e9riumok \u00e9s a kellemetlen szagok szaporod\u00e1sa ellen a higi\u00e9nikus frissess\u00e9g \u00e9rdek\u00e9ben. \u00c1rtalmatlan az emberre \u00e9s a k\u00f6rnyezetre.<\/p>\n<p>Az ez\u00fcst antibakteri\u00e1lis hat\u00e1sa m\u00e1r \u00e9vsz\u00e1zadok \u00f3ta ismert. Az ez\u00fcstionok g\u00e1tolj\u00e1k a bakt\u00e9riumok szaporod\u00e1s\u00e1t, cs\u00f6kkentik a kellemetlen szagokat, fenntartj\u00e1k a b\u0151r biol\u00f3giai egyens\u00faly\u00e1t, \u00e9s higi\u00e9nikus frissess\u00e9get biztos\u00edtanak a term\u00e9knek sport- \u00e9s szabadid\u0151s tev\u00e9kenys\u00e9gek sor\u00e1n. Annak a t\u00e9nynek a k\u00f6vetkezt\u00e9ben, hogy a bakteriosztatikus szert a fonal magj\u00e1ra \u00e9s nem annak fel\u00fclet\u00e9re viszik fel, nem v\u00e1ndorol ki a sz\u00f6vetb\u0151l, \u00e9s t\u00f6bbsz\u00f6ri mos\u00e1s ut\u00e1n is tart\u00f3san benne marad.<\/p>\n<p><strong>PROLEN\u00aeSILTEX<\/strong> feh\u00e9rnem\u0171kh\u00f6z, sportruh\u00e1khoz, munkaruh\u00e1khoz, zoknikhoz, cip\u0151k t\u00f6lt\u0151anyag\u00e1hoz, \u00e1gynem\u0171kh\u00f6z, b\u00e9l\u00e9shez \u00e9s k\u00e1rpitokhoz k\u00e9sz\u00fcltek, hogy v\u00e9delmet ny\u00fajtsanak magas higi\u00e9niai k\u00f6vetelm\u00e9nyeket t\u00e1maszt\u00f3 k\u00f6rnyezetben.<\/p>\n<\/div><div class=\"fusion-clearfix\"><\/div><\/div><\/div><div class=\"fusion-layout-column fusion_builder_column fusion-builder-column-2 fusion_builder_column_1_3 1_3 fusion-one-third fusion-column-last\" style=\"--awb-bg-size:cover;--awb-margin-top:16px;--awb-margin-bottom:16px;width:33.333333333333%;width:calc(33.333333333333% - ( ( 0% + 10% ) * 0.33333333333333 ) );\"><div class=\"fusion-column-wrapper fusion-column-has-shadow fusion-flex-column-wrapper-legacy\"><div class=\"fusion-image-element in-legacy-container\" style=\"--awb-caption-title-font-family:var(--h2_typography-font-family);--awb-caption-title-font-weight:var(--h2_typography-font-weight);--awb-caption-title-font-style:var(--h2_typography-font-style);--awb-caption-title-size:var(--h2_typography-font-size);--awb-caption-title-transform:var(--h2_typography-text-transform);--awb-caption-title-line-height:var(--h2_typography-line-height);--awb-caption-title-letter-spacing:var(--h2_typography-letter-spacing);\"><span class=\" fusion-imageframe imageframe-none imageframe-2 hover-type-zoomin\"><img decoding=\"async\" width=\"1199\" height=\"1682\" title=\"Masks Anti- Bacterial Cert SK version\" src=\"https:\/\/www.faveo-healthcare.com\/wp-content\/uploads\/2020\/06\/Masks-Anti-Bacterial-Cert-SK-version.jpg\" alt class=\"img-responsive wp-image-250\" srcset=\"https:\/\/www.faveo-healthcare.com\/wp-content\/uploads\/2020\/06\/Masks-Anti-Bacterial-Cert-SK-version-200x281.jpg 200w, https:\/\/www.faveo-healthcare.com\/wp-content\/uploads\/2020\/06\/Masks-Anti-Bacterial-Cert-SK-version-400x561.jpg 400w, https:\/\/www.faveo-healthcare.com\/wp-content\/uploads\/2020\/06\/Masks-Anti-Bacterial-Cert-SK-version-600x842.jpg 600w, https:\/\/www.faveo-healthcare.com\/wp-content\/uploads\/2020\/06\/Masks-Anti-Bacterial-Cert-SK-version-800x1122.jpg 800w, https:\/\/www.faveo-healthcare.com\/wp-content\/uploads\/2020\/06\/Masks-Anti-Bacterial-Cert-SK-version.jpg 1199w\" sizes=\"(max-width: 800px) 100vw, 400px\" \/><\/span><\/div><div class=\"fusion-image-element in-legacy-container\" style=\"--awb-caption-title-font-family:var(--h2_typography-font-family);--awb-caption-title-font-weight:var(--h2_typography-font-weight);--awb-caption-title-font-style:var(--h2_typography-font-style);--awb-caption-title-size:var(--h2_typography-font-size);--awb-caption-title-transform:var(--h2_typography-text-transform);--awb-caption-title-line-height:var(--h2_typography-line-height);--awb-caption-title-letter-spacing:var(--h2_typography-letter-spacing);\"><span class=\" fusion-imageframe imageframe-none imageframe-3 hover-type-zoomin\"><img decoding=\"async\" width=\"1168\" height=\"1664\" title=\"Masks Anti- Bacterial Cert EN translation\" src=\"https:\/\/www.faveo-healthcare.com\/wp-content\/uploads\/2020\/06\/Masks-Anti-Bacterial-Cert-EN-translation.jpg\" alt class=\"img-responsive wp-image-249\" srcset=\"https:\/\/www.faveo-healthcare.com\/wp-content\/uploads\/2020\/06\/Masks-Anti-Bacterial-Cert-EN-translation-200x285.jpg 200w, https:\/\/www.faveo-healthcare.com\/wp-content\/uploads\/2020\/06\/Masks-Anti-Bacterial-Cert-EN-translation-400x570.jpg 400w, https:\/\/www.faveo-healthcare.com\/wp-content\/uploads\/2020\/06\/Masks-Anti-Bacterial-Cert-EN-translation-600x855.jpg 600w, https:\/\/www.faveo-healthcare.com\/wp-content\/uploads\/2020\/06\/Masks-Anti-Bacterial-Cert-EN-translation-800x1140.jpg 800w, https:\/\/www.faveo-healthcare.com\/wp-content\/uploads\/2020\/06\/Masks-Anti-Bacterial-Cert-EN-translation.jpg 1168w\" sizes=\"(max-width: 800px) 100vw, 400px\" \/><\/span><\/div><div class=\"fusion-clearfix\"><\/div><\/div><\/div><\/div><\/div><div class=\"fusion-fullwidth fullwidth-box fusion-builder-row-2 nonhundred-percent-fullwidth non-hundred-percent-height-scrolling\" style=\"--awb-border-radius-top-left:0px;--awb-border-radius-top-right:0px;--awb-border-radius-bottom-right:0px;--awb-border-radius-bottom-left:0px;--awb-flex-wrap:wrap;\" ><div class=\"fusion-builder-row fusion-row\"><div class=\"fusion-layout-column fusion_builder_column fusion-builder-column-3 fusion_builder_column_1_6 1_6 fusion-one-sixth fusion-column-first\" style=\"--awb-bg-size:cover;width:16.666666666667%;width:calc(16.666666666667% - ( ( 4% + 4% + 4% ) * 0.16666666666667 ) );margin-right: 4%;\"><div class=\"fusion-column-wrapper fusion-column-has-shadow fusion-flex-column-wrapper-legacy\"><i class=\"fb-icon-element-1 fb-icon-element fontawesome-icon fa-box-open fas circle-yes fusion-text-flow\" style=\"--awb-iconcolor:#000000;--awb-circlecolor:#ffffff;--awb-circlebordersize:1px;--awb-font-size:28.16px;--awb-width:56.32px;--awb-height:56.32px;--awb-line-height:54.32px;--awb-margin-right:16px;\"><\/i><div class=\"fusion-text fusion-text-3\"><h2 style=\"text-align: left\">Csomagol\u00e1s r\u00e9szletei<\/h2>\n<\/div><div class=\"fusion-clearfix\"><\/div><\/div><\/div><div class=\"fusion-layout-column fusion_builder_column fusion-builder-column-4 fusion_builder_column_1_3 1_3 fusion-one-third\" style=\"--awb-bg-size:cover;width:33.333333333333%;width:calc(33.333333333333% - ( ( 4% + 4% + 4% ) * 0.33333333333333 ) );margin-right: 4%;\"><div class=\"fusion-column-wrapper fusion-column-has-shadow fusion-flex-column-wrapper-legacy\"><div class=\"fusion-text fusion-text-4\"><p><b>Norm\u00e1l esetben \u00f6mlesztve csomagolva, de kis mennyis\u00e9gben sz\u00e1ll\u00edthat\u00f3, tov\u00e1bbi kezel\u00e9si \u00e9s csomagol\u00e1si k\u00f6lts\u00e9gekkel.<\/b><\/p>\n<p><b>A csomagol\u00e1s kialak\u00edt\u00e1sa \u00e9s beszerz\u00e9se fel\u00e1r ellen\u00e9ben biztos\u00edthat\u00f3.<\/b><\/p>\n<p><b>Az opci\u00f3k k\u00f6z\u00fcl v\u00e1laszthat rugalmas (t\u00e1ska) vagy merev (doboz) ak\u00e1r 6 sz\u00ednig.<\/b><\/p>\n<\/div><div class=\"fusion-clearfix\"><\/div><\/div><\/div><div class=\"fusion-layout-column fusion_builder_column fusion-builder-column-5 fusion_builder_column_1_6 1_6 fusion-one-sixth\" style=\"--awb-bg-size:cover;width:16.666666666667%;width:calc(16.666666666667% - ( ( 4% + 4% + 4% ) * 0.16666666666667 ) );margin-right: 4%;\"><div class=\"fusion-column-wrapper fusion-column-has-shadow fusion-flex-column-wrapper-legacy\"><i class=\"fb-icon-element-2 fb-icon-element fontawesome-icon fa-th fas circle-yes fusion-text-flow\" style=\"--awb-iconcolor:#000000;--awb-circlecolor:#ffffff;--awb-circlecolor-hover:#00bcd4;--awb-circlebordercolor:#000000;--awb-circlebordercolor-hover:#ffffff;--awb-circlebordersize:1px;--awb-font-size:28.16px;--awb-width:56.32px;--awb-height:56.32px;--awb-line-height:54.32px;--awb-margin-right:16px;\"><\/i><div class=\"fusion-text fusion-text-5\"><h2 style=\"text-align: left\">Anyagok<\/h2>\n<\/div><div class=\"fusion-clearfix\"><\/div><\/div><\/div><div class=\"fusion-layout-column fusion_builder_column fusion-builder-column-6 fusion_builder_column_1_3 1_3 fusion-one-third fusion-column-last\" style=\"--awb-bg-size:cover;width:33.333333333333%;width:calc(33.333333333333% - ( ( 4% + 4% + 4% ) * 0.33333333333333 ) );\"><div class=\"fusion-column-wrapper fusion-column-has-shadow fusion-flex-column-wrapper-legacy\">\n<div class=\"table-2\">\n<table style=\"height: 148px\" width=\"257\">\n<thead>\n<tr>\n<th align=\"left\">Anyagok<\/th>\n<th align=\"left\">%<em> (Hozz\u00e1vet\u0151leges)<\/em><\/th>\n<th align=\"left\">Megjegyz\u00e9sek<\/th>\n<\/tr>\n<\/thead>\n<tbody>\n<tr>\n<td align=\"left\">Polipropil\u00e9n *<\/td>\n<td align=\"left\">75%<\/td>\n<td align=\"left\">*<strong> A PROLEN\u00aeSILTEX tart\u00f3s antibakteri\u00e1lis adal\u00e9kkal kezelt, ez\u00fcst-foszf\u00e1t \u00fcveg alap\u00fa<\/strong><\/td>\n<\/tr>\n<tr>\n<td align=\"left\">Poliamid<\/td>\n<td align=\"left\">10%<\/td>\n<td align=\"left\"><\/td>\n<\/tr>\n<tr>\n<td align=\"left\">Elaszt\u00e1n<\/td>\n<td align=\"left\">15%<\/td>\n<td align=\"left\"><\/td>\n<\/tr>\n<\/tbody>\n<\/table>\n<\/div>\n<div class=\"fusion-clearfix\"><\/div><\/div><\/div><\/div><\/div><\/p>\n","protected":false},"excerpt":{"rendered":"","protected":false},"author":1,"featured_media":0,"parent":0,"menu_order":0,"comment_status":"closed","ping_status":"closed","template":"","meta":{"_acf_changed":false,"footnotes":""},"class_list":["post-4368","page","type-page","status-publish","hentry"],"acf":[],"_links":{"self":[{"href":"https:\/\/www.faveo-healthcare.com\/hu\/wp-json\/wp\/v2\/pages\/4368","targetHints":{"allow":["GET"]}}],"collection":[{"href":"https:\/\/www.faveo-healthcare.com\/hu\/wp-json\/wp\/v2\/pages"}],"about":[{"href":"https:\/\/www.faveo-healthcare.com\/hu\/wp-json\/wp\/v2\/types\/page"}],"author":[{"embeddable":true,"href":"https:\/\/www.faveo-healthcare.com\/hu\/wp-json\/wp\/v2\/users\/1"}],"replies":[{"embeddable":true,"href":"https:\/\/www.faveo-healthcare.com\/hu\/wp-json\/wp\/v2\/comments?post=4368"}],"version-history":[{"count":19,"href":"https:\/\/www.faveo-healthcare.com\/hu\/wp-json\/wp\/v2\/pages\/4368\/revisions"}],"predecessor-version":[{"id":6412,"href":"https:\/\/www.faveo-healthcare.com\/hu\/wp-json\/wp\/v2\/pages\/4368\/revisions\/6412"}],"wp:attachment":[{"href":"https:\/\/www.faveo-healthcare.com\/hu\/wp-json\/wp\/v2\/media?parent=4368"}],"curies":[{"name":"wp","href":"https:\/\/api.w.org\/{rel}","templated":true}]}}