{"id":11139,"date":"2024-10-17T15:57:59","date_gmt":"2024-10-17T15:57:59","guid":{"rendered":"https:\/\/www.faveo-healthcare.com\/gdpr\/"},"modified":"2024-10-17T15:58:01","modified_gmt":"2024-10-17T15:58:01","slug":"gdpr","status":"publish","type":"page","link":"https:\/\/www.faveo-healthcare.com\/hu\/gdpr\/","title":{"rendered":"GDPR"},"content":{"rendered":"<div class=\"fusion-fullwidth fullwidth-box fusion-builder-row-1 fusion-flex-container has-pattern-background has-mask-background nonhundred-percent-fullwidth non-hundred-percent-height-scrolling\" style=\"--awb-border-radius-top-left:0px;--awb-border-radius-top-right:0px;--awb-border-radius-bottom-right:0px;--awb-border-radius-bottom-left:0px;--awb-flex-wrap:wrap;\" ><div class=\"fusion-builder-row fusion-row fusion-flex-align-items-flex-start fusion-flex-content-wrap\" style=\"max-width:1248px;margin-left: calc(-4% \/ 2 );margin-right: calc(-4% \/ 2 );\"><div class=\"fusion-layout-column fusion_builder_column fusion-builder-column-0 fusion_builder_column_1_1 1_1 fusion-flex-column\" style=\"--awb-bg-size:cover;--awb-width-large:100%;--awb-margin-top-large:0px;--awb-spacing-right-large:1.92%;--awb-margin-bottom-large:20px;--awb-spacing-left-large:1.92%;--awb-width-medium:100%;--awb-order-medium:0;--awb-spacing-right-medium:1.92%;--awb-spacing-left-medium:1.92%;--awb-width-small:100%;--awb-order-small:0;--awb-spacing-right-small:1.92%;--awb-spacing-left-small:1.92%;\"><div class=\"fusion-column-wrapper fusion-column-has-shadow fusion-flex-justify-content-flex-start fusion-content-layout-column\"><div class=\"fusion-text fusion-text-1 awb-text-cols fusion-text-columns-2\" style=\"--awb-columns:2;--awb-column-spacing:2em;--awb-column-min-width:100px;\"><p><strong>ANGOL NYELV\u0170 V\u00c1LTOZAT ELS\u0150BBS\u00c9GET \u00c9LVEZ \/ <\/strong><strong style=\"color: var(--awb-text-color); font-family: var(--awb-text-font-family); font-size: var(--awb-font-size); font-style: var(--awb-text-font-style); letter-spacing: var(--awb-letter-spacing); text-align: var(--awb-content-alignment); text-transform: var(--awb-text-transform); background-color: var(--awb-bg-color-hover);\">A FORD\u00cdT\u00c1SOK CSAK T\u00c1J\u00c9KOZTAT\u00d3 JELLEG\u0170EK<\/strong><\/p>\n<p><span style=\"color: var(--awb-text-color); font-family: var(--awb-text-font-family); font-size: var(--awb-font-size); font-style: var(--awb-text-font-style); letter-spacing: var(--awb-letter-spacing); text-align: var(--awb-content-alignment); text-transform: var(--awb-text-transform); background-color: var(--awb-bg-color-hover);\"><b>Ez a Weboldal szem\u00e9lyes adatokat gy\u0171jt a Felhaszn\u00e1l\u00f3kt\u00f3l.<\/b><\/span> <b>Az oldal haszn\u00e1lata meger\u0151s\u00edti az adatv\u00e9delmi felt\u00e9telek elfogad\u00e1s\u00e1t.  <\/b><strong><br \/>\n<\/strong><\/p>\n<p>&nbsp;<\/p>\n<p><strong>R\u00d6VID V\u00c1LTOZAT <\/strong><span style=\"color: var(--awb-text-color); font-family: var(--awb-text-font-family); font-size: var(--awb-font-size); font-style: var(--awb-text-font-style); letter-spacing: var(--awb-letter-spacing); text-align: var(--awb-content-alignment); text-transform: var(--awb-text-transform); background-color: var(--awb-bg-color-hover);\"><b>Adatv\u00e9delmi szab\u00e1lyzat<\/b><\/span> <strong style=\"color: var(--awb-text-color); font-family: var(--awb-text-font-family); font-size: var(--awb-font-size); font-style: var(--awb-text-font-style); letter-spacing: var(--awb-letter-spacing); text-align: var(--awb-content-alignment); text-transform: var(--awb-text-transform); background-color: var(--awb-bg-color-hover);\">faveo-healthcare.com<\/strong><\/p>\n<p><strong>Az al\u00e1bbi c\u00e9lokb\u00f3l \u00e9s az al\u00e1bbi szolg\u00e1ltat\u00e1sok ig\u00e9nybev\u00e9tel\u00e9vel feldolgozott szem\u00e9lyes adatok:<\/strong><\/p>\n<ul>\n<li>\n<ul>\n<li><strong>Analitika<\/strong>\n<ul>\n<li><strong>Google Analytics (Universal Analytics)<\/strong><\/li>\n<\/ul>\n<\/li>\n<\/ul>\n<\/li>\n<\/ul>\n<p>Szem\u00e9lyes adatok: Felhaszn\u00e1l\u00e1si adatok<\/p>\n<ul>\n<li style=\"list-style-type: none;\">\n<ul>\n<li><strong>Biztons\u00e1gi ment\u00e9s \u00e9s kezel\u00e9s<\/strong>\n<ul>\n<li><strong>Sectigo CodeGuard<\/strong><\/li>\n<\/ul>\n<\/li>\n<\/ul>\n<\/li>\n<\/ul>\n<p>Szem\u00e9lyes adatok: Felhaszn\u00e1l\u00e1si adatok<\/p>\n<ul>\n<li style=\"list-style-type: none;\">\n<ul>\n<li><strong>A weboldal fel\u00e9p\u00edt\u00e9se \u00e9s m\u0171k\u00f6dtet\u00e9se<\/strong>\n<ul>\n<li><strong>WordPress (saj\u00e1t t\u00e1rhelyen)<\/strong><\/li>\n<\/ul>\n<\/li>\n<\/ul>\n<\/li>\n<\/ul>\n<p>Szem\u00e9lyes adatok: e-mail c\u00edm<\/p>\n<ul>\n<li style=\"list-style-type: none;\">\n<ul>\n<li><strong>Kapcsolatfelv\u00e9tel a felhaszn\u00e1l\u00f3val<\/strong>\n<ul>\n<li><strong>Kapcsolatfelv\u00e9teli \u0171rlap<\/strong><\/li>\n<\/ul>\n<\/li>\n<\/ul>\n<\/li>\n<\/ul>\n<p>Szem\u00e9lyes adatok: e-mail c\u00edm; keresztn\u00e9v; vezet\u00e9kn\u00e9v<\/p>\n<ul>\n<li style=\"list-style-type: none;\">\n<ul>\n<li><strong>K\u00fcls\u0151 platformok tartalm\u00e1nak megjelen\u00edt\u00e9se<\/strong>\n<ul>\n<li><strong>Google Fonts \u00e9s Vimeo vide\u00f3<\/strong><\/li>\n<\/ul>\n<\/li>\n<\/ul>\n<\/li>\n<\/ul>\n<p>Szem\u00e9lyes adatok: Felhaszn\u00e1l\u00e1si adatok<\/p>\n<ul>\n<li style=\"list-style-type: none;\">\n<ul>\n<li><strong>Spam \u00e9s botok v\u00e9delme<\/strong>\n<ul>\n<li><strong>Google reCAPTCHA<\/strong><\/li>\n<\/ul>\n<\/li>\n<\/ul>\n<\/li>\n<\/ul>\n<p>Szem\u00e9lyes adatok: k\u00e9rd\u00e9sekre adott v\u00e1laszok; kattint\u00e1sok; billenty\u0171le\u00fct\u00e9ses esem\u00e9nyek; mozg\u00e1s\u00e9rz\u00e9kel\u0151s esem\u00e9nyek; eg\u00e9rmozg\u00e1sok; g\u00f6rget\u00e9si poz\u00edci\u00f3; \u00e9rint\u00e9si esem\u00e9nyek; nyomk\u00f6vet\u0151k; haszn\u00e1lati adatok.<\/p>\n<ul>\n<li style=\"list-style-type: none;\">\n<ul>\n<li><strong>C\u00edmkekezel\u00e9s<\/strong>\n<ul>\n<li><strong>Google Tag Manager<\/strong><\/li>\n<\/ul>\n<\/li>\n<\/ul>\n<\/li>\n<\/ul>\n<p>Szem\u00e9lyes adatok: Felhaszn\u00e1l\u00e1si adatok<\/p>\n<p><strong>Kapcsolattart\u00e1si inform\u00e1ci\u00f3k<\/strong><\/p>\n<ul>\n<li>\n<ul>\n<li><strong>Tulajdonos \u00e9s adatkezel\u0151<\/strong><\/li>\n<\/ul>\n<\/li>\n<\/ul>\n<p>FAVEO HEALTHCARE 38 CASTLE PARK, MONKSTOWN, CO DUBLIN, A94 VN84, IRLAND <strong>A tulajdonos el\u00e9rhet\u0151s\u00e9ge:<\/strong> dublin@faveo-healthcare.com Legut\u00f3bbi friss\u00edt\u00e9s: 2024. j\u00falius 27.<\/p>\n<p><b><a href=\"https:\/\/www.iubenda.com\/en\/privacy-and-cookie-policy-generator\" data-cmp-ab=\"2\">Az iubenda<\/a> ad otthont ennek a tartalomnak, \u00e9s csak a szolg\u00e1ltat\u00e1shoz <a href=\"https:\/\/www.iubenda.com\/privacy-policy\/65011295\" data-cmp-ab=\"2\">felt\u00e9tlen\u00fcl sz\u00fcks\u00e9ges szem\u00e9lyes adatokat<\/a> gy\u0171jti. Az al\u00e1bbi &#8222;Az \u00d6n adatv\u00e9delmi v\u00e1laszt\u00e1si lehet\u0151s\u00e9gei&#8221; gombra kattintva v\u00e1laszthat. <\/b><\/p>\n<\/div><div class=\"fusion-image-element \" style=\"--awb-caption-title-font-family:var(--h2_typography-font-family);--awb-caption-title-font-weight:var(--h2_typography-font-weight);--awb-caption-title-font-style:var(--h2_typography-font-style);--awb-caption-title-size:var(--h2_typography-font-size);--awb-caption-title-transform:var(--h2_typography-text-transform);--awb-caption-title-line-height:var(--h2_typography-line-height);--awb-caption-title-letter-spacing:var(--h2_typography-letter-spacing);\"><span class=\" fusion-imageframe imageframe-none imageframe-1 hover-type-none\"><img decoding=\"async\" width=\"912\" height=\"155\" title=\"GDPR Footer buttons image\" src=\"https:\/\/www.faveo-healthcare.com\/wp-content\/uploads\/2024\/08\/GDPR-Footer-buttons-image.jpg\" alt class=\"img-responsive wp-image-10962\" srcset=\"https:\/\/www.faveo-healthcare.com\/wp-content\/uploads\/2024\/08\/GDPR-Footer-buttons-image-200x34.jpg 200w, https:\/\/www.faveo-healthcare.com\/wp-content\/uploads\/2024\/08\/GDPR-Footer-buttons-image-400x68.jpg 400w, https:\/\/www.faveo-healthcare.com\/wp-content\/uploads\/2024\/08\/GDPR-Footer-buttons-image-600x102.jpg 600w, https:\/\/www.faveo-healthcare.com\/wp-content\/uploads\/2024\/08\/GDPR-Footer-buttons-image-800x136.jpg 800w, https:\/\/www.faveo-healthcare.com\/wp-content\/uploads\/2024\/08\/GDPR-Footer-buttons-image.jpg 912w\" sizes=\"(max-width: 1024px) 100vw, (max-width: 640px) 100vw, 912px\" \/><\/span><\/div><div class=\"fusion-text fusion-text-2\"><p><b>A weboldal haszn\u00e1lata meger\u0151s\u00edti az adatv\u00e9delmi felt\u00e9telek elfogad\u00e1s\u00e1t.  <\/b><\/p>\n<\/div><\/div><\/div><\/div><\/div>\n","protected":false},"excerpt":{"rendered":"","protected":false},"author":1,"featured_media":0,"parent":0,"menu_order":0,"comment_status":"closed","ping_status":"closed","template":"","meta":{"_acf_changed":false,"footnotes":""},"class_list":["post-11139","page","type-page","status-publish","hentry"],"acf":[],"_links":{"self":[{"href":"https:\/\/www.faveo-healthcare.com\/hu\/wp-json\/wp\/v2\/pages\/11139","targetHints":{"allow":["GET"]}}],"collection":[{"href":"https:\/\/www.faveo-healthcare.com\/hu\/wp-json\/wp\/v2\/pages"}],"about":[{"href":"https:\/\/www.faveo-healthcare.com\/hu\/wp-json\/wp\/v2\/types\/page"}],"author":[{"embeddable":true,"href":"https:\/\/www.faveo-healthcare.com\/hu\/wp-json\/wp\/v2\/users\/1"}],"replies":[{"embeddable":true,"href":"https:\/\/www.faveo-healthcare.com\/hu\/wp-json\/wp\/v2\/comments?post=11139"}],"version-history":[{"count":3,"href":"https:\/\/www.faveo-healthcare.com\/hu\/wp-json\/wp\/v2\/pages\/11139\/revisions"}],"predecessor-version":[{"id":11151,"href":"https:\/\/www.faveo-healthcare.com\/hu\/wp-json\/wp\/v2\/pages\/11139\/revisions\/11151"}],"wp:attachment":[{"href":"https:\/\/www.faveo-healthcare.com\/hu\/wp-json\/wp\/v2\/media?parent=11139"}],"curies":[{"name":"wp","href":"https:\/\/api.w.org\/{rel}","templated":true}]}}