{"id":3059,"date":"2020-09-28T11:16:13","date_gmt":"2020-09-28T11:16:13","guid":{"rendered":"http:\/\/www.faveo-healthcare.com\/masques-faciaux\/"},"modified":"2021-03-14T16:37:44","modified_gmt":"2021-03-14T16:37:44","slug":"masques-faciaux","status":"publish","type":"page","link":"https:\/\/www.faveo-healthcare.com\/fr\/masques-faciaux\/","title":{"rendered":"Masques faciaux"},"content":{"rendered":"<p><div class=\"fusion-fullwidth fullwidth-box fusion-builder-row-1 nonhundred-percent-fullwidth non-hundred-percent-height-scrolling\" style=\"--awb-border-radius-top-left:0px;--awb-border-radius-top-right:0px;--awb-border-radius-bottom-right:0px;--awb-border-radius-bottom-left:0px;--awb-flex-wrap:wrap;\" ><div class=\"fusion-builder-row fusion-row\"><div class=\"fusion-layout-column fusion_builder_column fusion-builder-column-0 fusion_builder_column_1_3 1_3 fusion-one-third fusion-column-first\" style=\"--awb-bg-color:#ffffff;--awb-bg-color-hover:#ffffff;--awb-bg-size:cover;width:33.333333333333%;width:calc(33.333333333333% - ( ( 0% + 10% ) * 0.33333333333333 ) );margin-right: 0%;\"><div class=\"fusion-column-wrapper fusion-column-has-shadow fusion-flex-column-wrapper-legacy\"><div class=\"fusion-title title fusion-title-1 fusion-sep-none fusion-title-text fusion-title-size-three\" style=\"--awb-margin-top:0px;\"><h3 class=\"fusion-title-heading title-heading-left\" style=\"margin:0;\"><h1>Masques antibact\u00e9riens<\/h1><\/h3><\/div><div class=\"fusion-image-element in-legacy-container\" style=\"--awb-caption-title-font-family:var(--h2_typography-font-family);--awb-caption-title-font-weight:var(--h2_typography-font-weight);--awb-caption-title-font-style:var(--h2_typography-font-style);--awb-caption-title-size:var(--h2_typography-font-size);--awb-caption-title-transform:var(--h2_typography-text-transform);--awb-caption-title-line-height:var(--h2_typography-line-height);--awb-caption-title-letter-spacing:var(--h2_typography-letter-spacing);\"><span class=\" fusion-imageframe imageframe-none imageframe-1 hover-type-zoomin fusion-animated\" data-animationType=\"zoomInLeft\" data-animationDuration=\"0.3\" data-animationOffset=\"top-into-view\"><img decoding=\"async\" width=\"1822\" height=\"1599\" title=\"Masks 6 colours 05-2020\" src=\"https:\/\/www.faveo-healthcare.com\/wp-content\/uploads\/2020\/05\/Masks-6-colours-05-2020.jpg\" alt class=\"img-responsive wp-image-695\" srcset=\"https:\/\/www.faveo-healthcare.com\/wp-content\/uploads\/2020\/05\/Masks-6-colours-05-2020-1200x1053.jpg 1200w, https:\/\/www.faveo-healthcare.com\/wp-content\/uploads\/2020\/05\/Masks-6-colours-05-2020.jpg 1822w\" sizes=\"(max-width: 800px) 100vw, 1822px\" \/><\/span><\/div><div class=\"fusion-text fusion-text-1\"><p><strong><em>Certificats et rapports de test<\/em><\/strong><\/p>\n<p>Les propri\u00e9t\u00e9s antibact\u00e9riennes ont \u00e9t\u00e9 approuv\u00e9es par le certificat VUTCH \u2013 CHEMITEX selon le rapport d\u2019essai standard AATCC TM 100: 2012 (Klebsiella pneumoniae, Staphylococcus aureus) et par le rapport d\u2019essai VUTCH \u2013 CHEMITEX selon la norme ASTM E2149-13a (Escherichia coli).<\/p>\n<p><strong>PROLEN\u00aeSILTEX<\/strong> r\u00e9pond aux exigences d\u2019Oeko-tex\u00ae Standard 100 \u2013 articles de classe 1- b\u00e9b\u00e9. Les propri\u00e9t\u00e9s humaines et \u00e9cologiques de <strong>PROLEN\u00aeSILTEX<\/strong> sont Bluesign\u00ae APPROUV\u00c9.<\/p>\n<\/div><div class=\"fusion-clearfix\"><\/div><\/div><\/div><div class=\"fusion-layout-column fusion_builder_column fusion-builder-column-1 fusion_builder_column_1_3 1_3 fusion-one-third\" style=\"--awb-bg-size:cover;--awb-margin-top:16px;--awb-margin-bottom:16px;width:33.333333333333%;width:calc(33.333333333333% - ( ( 0% + 10% ) * 0.33333333333333 ) );margin-right: 10%;\"><div class=\"fusion-column-wrapper fusion-column-has-shadow fusion-flex-column-wrapper-legacy\"><div class=\"fusion-text fusion-text-2\"><p><strong>PROLEN\u00aeSILTEX<\/strong> est un fil sp\u00e9cial en polypropyl\u00e8ne trait\u00e9 avec un additif antibact\u00e9rien permanent, \u00e0 base de verre de phosphate argent\u00e9.<\/p>\n<p><strong>PROLEN\u00aeSILTEX<\/strong> est efficace contre la croissance des bact\u00e9ries et des odeurs d\u00e9sagr\u00e9ables pour la fra\u00eecheur hygi\u00e9nique. Il est inoffensif pour l\u2019homme et l\u2019environnement.<\/p>\n<p>L\u2019effet antibact\u00e9rien de l\u2019argent est d\u00e9j\u00e0 connu depuis de nombreux si\u00e8cles. Les ions argent\u00e9s inhibent la croissance des bact\u00e9ries, r\u00e9duisent les odeurs d\u00e9sagr\u00e9ables, gardent un \u00e9quilibre biologique de votre peau et fixent une fra\u00eecheur hygi\u00e9nique au produit pendant les activit\u00e9s sportives et de loisirs. En raison du fait que l\u2019agent bact\u00e9riostatique est appliqu\u00e9 au noyau du fil et non \u00e0 sa surface, il ne migre pas du tissu et reste en permanence en elle, m\u00eame apr\u00e8s le lavage multiple.<\/p>\n<p><strong>PROLEN\u00aeSILTEX<\/strong> a \u00e9t\u00e9 cr\u00e9\u00e9 pour les sous-v\u00eatements, v\u00eatements de sport, v\u00eatements de travail, chaussettes, mat\u00e9riel de remplissage pour chaussures, draps, doublure et sellerie pour prot\u00e9ger dans des environnements qui n\u00e9cessitent des normes d\u2019hygi\u00e8ne \u00e9lev\u00e9es.<\/p>\n<\/div><div class=\"fusion-clearfix\"><\/div><\/div><\/div><div class=\"fusion-layout-column fusion_builder_column fusion-builder-column-2 fusion_builder_column_1_3 1_3 fusion-one-third fusion-column-last\" style=\"--awb-bg-size:cover;--awb-margin-top:16px;--awb-margin-bottom:16px;width:33.333333333333%;width:calc(33.333333333333% - ( ( 0% + 10% ) * 0.33333333333333 ) );\"><div class=\"fusion-column-wrapper fusion-column-has-shadow fusion-flex-column-wrapper-legacy\"><div class=\"fusion-image-element in-legacy-container\" style=\"--awb-caption-title-font-family:var(--h2_typography-font-family);--awb-caption-title-font-weight:var(--h2_typography-font-weight);--awb-caption-title-font-style:var(--h2_typography-font-style);--awb-caption-title-size:var(--h2_typography-font-size);--awb-caption-title-transform:var(--h2_typography-text-transform);--awb-caption-title-line-height:var(--h2_typography-line-height);--awb-caption-title-letter-spacing:var(--h2_typography-letter-spacing);\"><span class=\" fusion-imageframe imageframe-none imageframe-2 hover-type-zoomin\"><img decoding=\"async\" width=\"1199\" height=\"1682\" title=\"Masks Anti- Bacterial Cert SK version\" src=\"https:\/\/www.faveo-healthcare.com\/wp-content\/uploads\/2020\/06\/Masks-Anti-Bacterial-Cert-SK-version.jpg\" alt class=\"img-responsive wp-image-1829\" srcset=\"https:\/\/www.faveo-healthcare.com\/wp-content\/uploads\/2020\/06\/Masks-Anti-Bacterial-Cert-SK-version-200x281.jpg 200w, https:\/\/www.faveo-healthcare.com\/wp-content\/uploads\/2020\/06\/Masks-Anti-Bacterial-Cert-SK-version-400x561.jpg 400w, https:\/\/www.faveo-healthcare.com\/wp-content\/uploads\/2020\/06\/Masks-Anti-Bacterial-Cert-SK-version-600x842.jpg 600w, https:\/\/www.faveo-healthcare.com\/wp-content\/uploads\/2020\/06\/Masks-Anti-Bacterial-Cert-SK-version-800x1122.jpg 800w, https:\/\/www.faveo-healthcare.com\/wp-content\/uploads\/2020\/06\/Masks-Anti-Bacterial-Cert-SK-version.jpg 1199w\" sizes=\"(max-width: 800px) 100vw, 400px\" \/><\/span><\/div><div class=\"fusion-image-element in-legacy-container\" style=\"--awb-caption-title-font-family:var(--h2_typography-font-family);--awb-caption-title-font-weight:var(--h2_typography-font-weight);--awb-caption-title-font-style:var(--h2_typography-font-style);--awb-caption-title-size:var(--h2_typography-font-size);--awb-caption-title-transform:var(--h2_typography-text-transform);--awb-caption-title-line-height:var(--h2_typography-line-height);--awb-caption-title-letter-spacing:var(--h2_typography-letter-spacing);\"><span class=\" fusion-imageframe imageframe-none imageframe-3 hover-type-zoomin\"><img decoding=\"async\" width=\"1168\" height=\"1664\" title=\"Masks Anti- Bacterial Cert EN translation\" src=\"https:\/\/www.faveo-healthcare.com\/wp-content\/uploads\/2020\/06\/Masks-Anti-Bacterial-Cert-EN-translation.jpg\" alt class=\"img-responsive wp-image-1808\" srcset=\"https:\/\/www.faveo-healthcare.com\/wp-content\/uploads\/2020\/06\/Masks-Anti-Bacterial-Cert-EN-translation-200x285.jpg 200w, https:\/\/www.faveo-healthcare.com\/wp-content\/uploads\/2020\/06\/Masks-Anti-Bacterial-Cert-EN-translation-400x570.jpg 400w, https:\/\/www.faveo-healthcare.com\/wp-content\/uploads\/2020\/06\/Masks-Anti-Bacterial-Cert-EN-translation-600x855.jpg 600w, https:\/\/www.faveo-healthcare.com\/wp-content\/uploads\/2020\/06\/Masks-Anti-Bacterial-Cert-EN-translation-800x1140.jpg 800w, https:\/\/www.faveo-healthcare.com\/wp-content\/uploads\/2020\/06\/Masks-Anti-Bacterial-Cert-EN-translation.jpg 1168w\" sizes=\"(max-width: 800px) 100vw, 400px\" \/><\/span><\/div><div class=\"fusion-clearfix\"><\/div><\/div><\/div><\/div><\/div><div class=\"fusion-fullwidth fullwidth-box fusion-builder-row-2 nonhundred-percent-fullwidth non-hundred-percent-height-scrolling\" style=\"--awb-border-radius-top-left:0px;--awb-border-radius-top-right:0px;--awb-border-radius-bottom-right:0px;--awb-border-radius-bottom-left:0px;--awb-flex-wrap:wrap;\" ><div class=\"fusion-builder-row fusion-row\"><div class=\"fusion-layout-column fusion_builder_column fusion-builder-column-3 fusion_builder_column_1_6 1_6 fusion-one-sixth fusion-column-first\" style=\"--awb-bg-size:cover;width:16.666666666667%;width:calc(16.666666666667% - ( ( 4% + 4% + 4% ) * 0.16666666666667 ) );margin-right: 4%;\"><div class=\"fusion-column-wrapper fusion-column-has-shadow fusion-flex-column-wrapper-legacy\"><i class=\"fb-icon-element-1 fb-icon-element fontawesome-icon fa-box-open fas circle-yes fusion-text-flow\" style=\"--awb-iconcolor:#000000;--awb-circlecolor:#ffffff;--awb-circlebordersize:1px;--awb-font-size:28.16px;--awb-width:56.32px;--awb-height:56.32px;--awb-line-height:54.32px;--awb-margin-right:16px;\"><\/i><div class=\"fusion-text fusion-text-3\"><h2 style=\"text-align: left\">D\u00e9tails de l\u2019emballage<\/h2>\n<\/div><div class=\"fusion-clearfix\"><\/div><\/div><\/div><div class=\"fusion-layout-column fusion_builder_column fusion-builder-column-4 fusion_builder_column_1_3 1_3 fusion-one-third\" style=\"--awb-bg-size:cover;width:33.333333333333%;width:calc(33.333333333333% - ( ( 4% + 4% + 4% ) * 0.33333333333333 ) );margin-right: 4%;\"><div class=\"fusion-column-wrapper fusion-column-has-shadow fusion-flex-column-wrapper-legacy\"><div class=\"fusion-text fusion-text-4\"><p><b>Normalement fourni en vrac emball\u00e9, mais peut \u00eatre fourni en petites tailles de comptage \u00e0 certains co\u00fbts suppl\u00e9mentaires de manutention et d\u2019emballage.<\/b><\/p>\n<p><b>La conception et l\u2019approvisionnement de l\u2019emballage peuvent \u00eatre fournis \u00e0 un co\u00fbt suppl\u00e9mentaire.<\/b><\/p>\n<p><b>Les options incluent flexible (sac) ou rigide (bo\u00eete) jusqu\u2019\u00e0 6 couleurs.<\/b><\/p>\n<\/div><div class=\"fusion-clearfix\"><\/div><\/div><\/div><div class=\"fusion-layout-column fusion_builder_column fusion-builder-column-5 fusion_builder_column_1_6 1_6 fusion-one-sixth\" style=\"--awb-bg-size:cover;width:16.666666666667%;width:calc(16.666666666667% - ( ( 4% + 4% + 4% ) * 0.16666666666667 ) );margin-right: 4%;\"><div class=\"fusion-column-wrapper fusion-column-has-shadow fusion-flex-column-wrapper-legacy\"><i class=\"fb-icon-element-2 fb-icon-element fontawesome-icon fa-th fas circle-yes fusion-text-flow\" style=\"--awb-iconcolor:#000000;--awb-circlecolor:#ffffff;--awb-circlecolor-hover:#00bcd4;--awb-circlebordercolor:#000000;--awb-circlebordercolor-hover:#ffffff;--awb-circlebordersize:1px;--awb-font-size:28.16px;--awb-width:56.32px;--awb-height:56.32px;--awb-line-height:54.32px;--awb-margin-right:16px;\"><\/i><div class=\"fusion-text fusion-text-5\"><h2 style=\"text-align: left\">Mat\u00e9riaux<\/h2>\n<\/div><div class=\"fusion-clearfix\"><\/div><\/div><\/div><div class=\"fusion-layout-column fusion_builder_column fusion-builder-column-6 fusion_builder_column_1_3 1_3 fusion-one-third fusion-column-last\" style=\"--awb-bg-size:cover;width:33.333333333333%;width:calc(33.333333333333% - ( ( 4% + 4% + 4% ) * 0.33333333333333 ) );\"><div class=\"fusion-column-wrapper fusion-column-has-shadow fusion-flex-column-wrapper-legacy\">\n<div class=\"table-2\">\n<table style=\"height: 148px\" width=\"257\">\n<thead>\n<tr>\n<th align=\"left\">Mat\u00e9riaux<\/th>\n<th align=\"left\">% <em>(approximatif)<\/em><\/th>\n<th align=\"left\">Notes<\/th>\n<\/tr>\n<\/thead>\n<tbody>\n<tr>\n<td align=\"left\">Polypropyl\u00e8ne*<\/td>\n<td align=\"left\">75%<\/td>\n<td align=\"left\">*<strong>PROLEN\u00aeSILTEX trait\u00e9 avec un additif antibact\u00e9rien permanent, \u00e0 base de verre de phosphate argent\u00e9<\/strong><\/td>\n<\/tr>\n<tr>\n<td align=\"left\">Polyamide<\/td>\n<td align=\"left\">10%<\/td>\n<td align=\"left\"><\/td>\n<\/tr>\n<tr>\n<td align=\"left\">\u00c9lasthanne<\/td>\n<td align=\"left\">15%<\/td>\n<td align=\"left\"><\/td>\n<\/tr>\n<\/tbody>\n<\/table>\n<\/div>\n<div class=\"fusion-clearfix\"><\/div><\/div><\/div><\/div><\/div><\/p>\n","protected":false},"excerpt":{"rendered":"","protected":false},"author":1,"featured_media":0,"parent":0,"menu_order":0,"comment_status":"closed","ping_status":"closed","template":"","meta":{"_acf_changed":false,"footnotes":""},"class_list":["post-3059","page","type-page","status-publish","hentry"],"acf":[],"_links":{"self":[{"href":"https:\/\/www.faveo-healthcare.com\/fr\/wp-json\/wp\/v2\/pages\/3059","targetHints":{"allow":["GET"]}}],"collection":[{"href":"https:\/\/www.faveo-healthcare.com\/fr\/wp-json\/wp\/v2\/pages"}],"about":[{"href":"https:\/\/www.faveo-healthcare.com\/fr\/wp-json\/wp\/v2\/types\/page"}],"author":[{"embeddable":true,"href":"https:\/\/www.faveo-healthcare.com\/fr\/wp-json\/wp\/v2\/users\/1"}],"replies":[{"embeddable":true,"href":"https:\/\/www.faveo-healthcare.com\/fr\/wp-json\/wp\/v2\/comments?post=3059"}],"version-history":[{"count":29,"href":"https:\/\/www.faveo-healthcare.com\/fr\/wp-json\/wp\/v2\/pages\/3059\/revisions"}],"predecessor-version":[{"id":6366,"href":"https:\/\/www.faveo-healthcare.com\/fr\/wp-json\/wp\/v2\/pages\/3059\/revisions\/6366"}],"wp:attachment":[{"href":"https:\/\/www.faveo-healthcare.com\/fr\/wp-json\/wp\/v2\/media?parent=3059"}],"curies":[{"name":"wp","href":"https:\/\/api.w.org\/{rel}","templated":true}]}}