{"id":11194,"date":"2024-10-17T15:58:45","date_gmt":"2024-10-17T15:58:45","guid":{"rendered":"https:\/\/www.faveo-healthcare.com\/gdpr\/"},"modified":"2024-10-17T15:58:48","modified_gmt":"2024-10-17T15:58:48","slug":"gdpr","status":"publish","type":"page","link":"https:\/\/www.faveo-healthcare.com\/fr\/gdpr\/","title":{"rendered":"GDPR"},"content":{"rendered":"<div class=\"fusion-fullwidth fullwidth-box fusion-builder-row-1 fusion-flex-container has-pattern-background has-mask-background nonhundred-percent-fullwidth non-hundred-percent-height-scrolling\" style=\"--awb-border-radius-top-left:0px;--awb-border-radius-top-right:0px;--awb-border-radius-bottom-right:0px;--awb-border-radius-bottom-left:0px;--awb-flex-wrap:wrap;\" ><div class=\"fusion-builder-row fusion-row fusion-flex-align-items-flex-start fusion-flex-content-wrap\" style=\"max-width:1248px;margin-left: calc(-4% \/ 2 );margin-right: calc(-4% \/ 2 );\"><div class=\"fusion-layout-column fusion_builder_column fusion-builder-column-0 fusion_builder_column_1_1 1_1 fusion-flex-column\" style=\"--awb-bg-size:cover;--awb-width-large:100%;--awb-margin-top-large:0px;--awb-spacing-right-large:1.92%;--awb-margin-bottom-large:20px;--awb-spacing-left-large:1.92%;--awb-width-medium:100%;--awb-order-medium:0;--awb-spacing-right-medium:1.92%;--awb-spacing-left-medium:1.92%;--awb-width-small:100%;--awb-order-small:0;--awb-spacing-right-small:1.92%;--awb-spacing-left-small:1.92%;\"><div class=\"fusion-column-wrapper fusion-column-has-shadow fusion-flex-justify-content-flex-start fusion-content-layout-column\"><div class=\"fusion-text fusion-text-1 awb-text-cols fusion-text-columns-2\" style=\"--awb-columns:2;--awb-column-spacing:2em;--awb-column-min-width:100px;\"><p><strong>LA VERSION ANGLAISE EST PRIORITAIRE \/ <\/strong><strong style=\"color: var(--awb-text-color); font-family: var(--awb-text-font-family); font-size: var(--awb-font-size); font-style: var(--awb-text-font-style); letter-spacing: var(--awb-letter-spacing); text-align: var(--awb-content-alignment); text-transform: var(--awb-text-transform); background-color: var(--awb-bg-color-hover);\">LES TRADUCTIONS SONT DONN\u00c9ES \u00c0 TITRE INDICATIF<\/strong><\/p>\n<p><span style=\"color: var(--awb-text-color); font-family: var(--awb-text-font-family); font-size: var(--awb-font-size); font-style: var(--awb-text-font-style); letter-spacing: var(--awb-letter-spacing); text-align: var(--awb-content-alignment); text-transform: var(--awb-text-transform); background-color: var(--awb-bg-color-hover);\"><b>Ce site Internet recueille certaines donn\u00e9es personnelles aupr\u00e8s de ses utilisateurs.<\/b><\/span> <b>Votre utilisation du site confirmera votre acceptation des conditions d&rsquo;utilisation du site en mati\u00e8re de protection de la vie priv\u00e9e.  <\/b><strong><br \/>\n<\/strong><\/p>\n<p>&nbsp;<\/p>\n<p><strong>VERSION COURTE <\/strong><span style=\"color: var(--awb-text-color); font-family: var(--awb-text-font-family); font-size: var(--awb-font-size); font-style: var(--awb-text-font-style); letter-spacing: var(--awb-letter-spacing); text-align: var(--awb-content-alignment); text-transform: var(--awb-text-transform); background-color: var(--awb-bg-color-hover);\"><b>Politique de confidentialit\u00e9 de<\/b><\/span> <strong style=\"color: var(--awb-text-color); font-family: var(--awb-text-font-family); font-size: var(--awb-font-size); font-style: var(--awb-text-font-style); letter-spacing: var(--awb-letter-spacing); text-align: var(--awb-content-alignment); text-transform: var(--awb-text-transform); background-color: var(--awb-bg-color-hover);\">faveo-healthcare.com<\/strong><\/p>\n<p><strong>Les donn\u00e9es \u00e0 caract\u00e8re personnel sont trait\u00e9es aux fins suivantes et en utilisant les services suivants :<\/strong><\/p>\n<ul>\n<li>\n<ul>\n<li><strong>Analyse<\/strong>\n<ul>\n<li><strong>Google Analytics (Universal Analytics)<\/strong><\/li>\n<\/ul>\n<\/li>\n<\/ul>\n<\/li>\n<\/ul>\n<p>Donn\u00e9es personnelles : Traceurs ; donn\u00e9es d&rsquo;utilisation<\/p>\n<ul>\n<li style=\"list-style-type: none;\">\n<ul>\n<li><strong>Sauvegarde et gestion des sauvegardes<\/strong>\n<ul>\n<li><strong>Sectigo CodeGuard<\/strong><\/li>\n<\/ul>\n<\/li>\n<\/ul>\n<\/li>\n<\/ul>\n<p>Donn\u00e9es personnelles : Donn\u00e9es d&rsquo;utilisation<\/p>\n<ul>\n<li style=\"list-style-type: none;\">\n<ul>\n<li><strong>Cr\u00e9ation et gestion de ce site web<\/strong>\n<ul>\n<li><strong>WordPress (auto-h\u00e9berg\u00e9)<\/strong><\/li>\n<\/ul>\n<\/li>\n<\/ul>\n<\/li>\n<\/ul>\n<p>Donn\u00e9es personnelles : adresse \u00e9lectronique<\/p>\n<ul>\n<li style=\"list-style-type: none;\">\n<ul>\n<li><strong>Contacter l&rsquo;utilisateur<\/strong>\n<ul>\n<li><strong>Formulaire de contact<\/strong><\/li>\n<\/ul>\n<\/li>\n<\/ul>\n<\/li>\n<\/ul>\n<p>Donn\u00e9es personnelles : adresse \u00e9lectronique ; pr\u00e9nom ; nom de famille<\/p>\n<ul>\n<li style=\"list-style-type: none;\">\n<ul>\n<li><strong>Affichage de contenu provenant de plates-formes externes<\/strong>\n<ul>\n<li><strong>Google Fonts et vid\u00e9o Vimeo<\/strong><\/li>\n<\/ul>\n<\/li>\n<\/ul>\n<\/li>\n<\/ul>\n<p>Donn\u00e9es personnelles : Traceurs ; donn\u00e9es d&rsquo;utilisation<\/p>\n<ul>\n<li style=\"list-style-type: none;\">\n<ul>\n<li><strong>Protection contre les spams et les bots<\/strong>\n<ul>\n<li><strong>Google reCAPTCHA<\/strong><\/li>\n<\/ul>\n<\/li>\n<\/ul>\n<\/li>\n<\/ul>\n<p>Donn\u00e9es personnelles : r\u00e9ponses aux questions ; clics ; \u00e9v\u00e9nements li\u00e9s \u00e0 la pression du clavier ; \u00e9v\u00e9nements li\u00e9s au capteur de mouvement ; mouvements de la souris ; position de d\u00e9filement ; \u00e9v\u00e9nements li\u00e9s au toucher ; traceurs ; donn\u00e9es d&rsquo;utilisation.<\/p>\n<ul>\n<li style=\"list-style-type: none;\">\n<ul>\n<li><strong>Gestion des balises<\/strong>\n<ul>\n<li><strong>Google Tag Manager<\/strong><\/li>\n<\/ul>\n<\/li>\n<\/ul>\n<\/li>\n<\/ul>\n<p>Donn\u00e9es personnelles : Traceurs ; donn\u00e9es d&rsquo;utilisation<\/p>\n<p><strong>Informations sur le contact<\/strong><\/p>\n<ul>\n<li>\n<ul>\n<li><strong>Propri\u00e9taire et contr\u00f4leur des donn\u00e9es<\/strong><\/li>\n<\/ul>\n<\/li>\n<\/ul>\n<p>FAVEO HEALTHCARE 38 CASTLE PARK, MONKSTOWN, CO DUBLIN, A94 VN84, IRELAND <strong>Adresse \u00e9lectronique du propri\u00e9taire :<\/strong> dublin@faveo-healthcare.com Derni\u00e8re mise \u00e0 jour : 27 juillet 2024<\/p>\n<p><b><a href=\"https:\/\/www.iubenda.com\/en\/privacy-and-cookie-policy-generator\" data-cmp-ab=\"2\">iubenda<\/a> h\u00e9berge ce contenu et ne collecte que <a href=\"https:\/\/www.iubenda.com\/privacy-policy\/65011295\" data-cmp-ab=\"2\">les donn\u00e9es personnelles strictement n\u00e9cessaires<\/a> \u00e0 sa mise \u00e0 disposition. Cliquez sur le bouton \u00ab\u00a0Vos choix en mati\u00e8re de protection de la vie priv\u00e9e\u00a0\u00bb ci-dessous pour conna\u00eetre les options qui s&rsquo;offrent \u00e0 vous. <\/b><\/p>\n<\/div><div class=\"fusion-image-element \" style=\"--awb-caption-title-font-family:var(--h2_typography-font-family);--awb-caption-title-font-weight:var(--h2_typography-font-weight);--awb-caption-title-font-style:var(--h2_typography-font-style);--awb-caption-title-size:var(--h2_typography-font-size);--awb-caption-title-transform:var(--h2_typography-text-transform);--awb-caption-title-line-height:var(--h2_typography-line-height);--awb-caption-title-letter-spacing:var(--h2_typography-letter-spacing);\"><span class=\" fusion-imageframe imageframe-none imageframe-1 hover-type-none\"><img decoding=\"async\" width=\"912\" height=\"155\" title=\"GDPR Footer buttons image\" src=\"https:\/\/www.faveo-healthcare.com\/wp-content\/uploads\/2024\/08\/GDPR-Footer-buttons-image.jpg\" alt class=\"img-responsive wp-image-10959\" srcset=\"https:\/\/www.faveo-healthcare.com\/wp-content\/uploads\/2024\/08\/GDPR-Footer-buttons-image-200x34.jpg 200w, https:\/\/www.faveo-healthcare.com\/wp-content\/uploads\/2024\/08\/GDPR-Footer-buttons-image-400x68.jpg 400w, https:\/\/www.faveo-healthcare.com\/wp-content\/uploads\/2024\/08\/GDPR-Footer-buttons-image-600x102.jpg 600w, https:\/\/www.faveo-healthcare.com\/wp-content\/uploads\/2024\/08\/GDPR-Footer-buttons-image-800x136.jpg 800w, https:\/\/www.faveo-healthcare.com\/wp-content\/uploads\/2024\/08\/GDPR-Footer-buttons-image.jpg 912w\" sizes=\"(max-width: 1024px) 100vw, (max-width: 640px) 100vw, 912px\" \/><\/span><\/div><div class=\"fusion-text fusion-text-2\"><p><b>En utilisant ce site web, vous confirmez votre acceptation des conditions d&rsquo;utilisation de la protection de la vie priv\u00e9e.  <\/b><\/p>\n<\/div><\/div><\/div><\/div><\/div>\n","protected":false},"excerpt":{"rendered":"","protected":false},"author":1,"featured_media":0,"parent":0,"menu_order":0,"comment_status":"closed","ping_status":"closed","template":"","meta":{"_acf_changed":false,"footnotes":""},"class_list":["post-11194","page","type-page","status-publish","hentry"],"acf":[],"_links":{"self":[{"href":"https:\/\/www.faveo-healthcare.com\/fr\/wp-json\/wp\/v2\/pages\/11194","targetHints":{"allow":["GET"]}}],"collection":[{"href":"https:\/\/www.faveo-healthcare.com\/fr\/wp-json\/wp\/v2\/pages"}],"about":[{"href":"https:\/\/www.faveo-healthcare.com\/fr\/wp-json\/wp\/v2\/types\/page"}],"author":[{"embeddable":true,"href":"https:\/\/www.faveo-healthcare.com\/fr\/wp-json\/wp\/v2\/users\/1"}],"replies":[{"embeddable":true,"href":"https:\/\/www.faveo-healthcare.com\/fr\/wp-json\/wp\/v2\/comments?post=11194"}],"version-history":[{"count":3,"href":"https:\/\/www.faveo-healthcare.com\/fr\/wp-json\/wp\/v2\/pages\/11194\/revisions"}],"predecessor-version":[{"id":11209,"href":"https:\/\/www.faveo-healthcare.com\/fr\/wp-json\/wp\/v2\/pages\/11194\/revisions\/11209"}],"wp:attachment":[{"href":"https:\/\/www.faveo-healthcare.com\/fr\/wp-json\/wp\/v2\/media?parent=11194"}],"curies":[{"name":"wp","href":"https:\/\/api.w.org\/{rel}","templated":true}]}}