{"id":11152,"date":"2024-10-17T15:58:06","date_gmt":"2024-10-17T15:58:06","guid":{"rendered":"https:\/\/www.faveo-healthcare.com\/gdpr\/"},"modified":"2024-10-17T15:58:10","modified_gmt":"2024-10-17T15:58:10","slug":"gdpr","status":"publish","type":"page","link":"https:\/\/www.faveo-healthcare.com\/es\/gdpr\/","title":{"rendered":"GDPR"},"content":{"rendered":"<div class=\"fusion-fullwidth fullwidth-box fusion-builder-row-1 fusion-flex-container has-pattern-background has-mask-background nonhundred-percent-fullwidth non-hundred-percent-height-scrolling\" style=\"--awb-border-radius-top-left:0px;--awb-border-radius-top-right:0px;--awb-border-radius-bottom-right:0px;--awb-border-radius-bottom-left:0px;--awb-flex-wrap:wrap;\" ><div class=\"fusion-builder-row fusion-row fusion-flex-align-items-flex-start fusion-flex-content-wrap\" style=\"max-width:1248px;margin-left: calc(-4% \/ 2 );margin-right: calc(-4% \/ 2 );\"><div class=\"fusion-layout-column fusion_builder_column fusion-builder-column-0 fusion_builder_column_1_1 1_1 fusion-flex-column\" style=\"--awb-bg-size:cover;--awb-width-large:100%;--awb-margin-top-large:0px;--awb-spacing-right-large:1.92%;--awb-margin-bottom-large:20px;--awb-spacing-left-large:1.92%;--awb-width-medium:100%;--awb-order-medium:0;--awb-spacing-right-medium:1.92%;--awb-spacing-left-medium:1.92%;--awb-width-small:100%;--awb-order-small:0;--awb-spacing-right-small:1.92%;--awb-spacing-left-small:1.92%;\"><div class=\"fusion-column-wrapper fusion-column-has-shadow fusion-flex-justify-content-flex-start fusion-content-layout-column\"><div class=\"fusion-text fusion-text-1 awb-text-cols fusion-text-columns-2\" style=\"--awb-columns:2;--awb-column-spacing:2em;--awb-column-min-width:100px;\"><p><strong>LA VERSI\u00d3N EN INGL\u00c9S TIENE PRIORIDAD \/ <\/strong><strong style=\"color: var(--awb-text-color); font-family: var(--awb-text-font-family); font-size: var(--awb-font-size); font-style: var(--awb-text-font-style); letter-spacing: var(--awb-letter-spacing); text-align: var(--awb-content-alignment); text-transform: var(--awb-text-transform); background-color: var(--awb-bg-color-hover);\">LAS TRADUCCIONES SON MERAMENTE INFORMATIVAS<\/strong><\/p>\n<p><span style=\"color: var(--awb-text-color); font-family: var(--awb-text-font-family); font-size: var(--awb-font-size); font-style: var(--awb-text-font-style); letter-spacing: var(--awb-letter-spacing); text-align: var(--awb-content-alignment); text-transform: var(--awb-text-transform); background-color: var(--awb-bg-color-hover);\"><b>Este Sitio Web recoge algunos Datos Personales de sus Usuarios.<\/b><\/span> <b>Su uso del sitio confirmar\u00e1 su aceptaci\u00f3n de los t\u00e9rminos y condiciones de privacidad  <\/b><strong><br \/>\n<\/strong><\/p>\n<p>&nbsp;<\/p>\n<p><strong>VERSI\u00d3N ABREVIADA <\/strong><span style=\"color: var(--awb-text-color); font-family: var(--awb-text-font-family); font-size: var(--awb-font-size); font-style: var(--awb-text-font-style); letter-spacing: var(--awb-letter-spacing); text-align: var(--awb-content-alignment); text-transform: var(--awb-text-transform); background-color: var(--awb-bg-color-hover);\"><b>Pol\u00edtica de privacidad de<\/b><\/span> <strong style=\"color: var(--awb-text-color); font-family: var(--awb-text-font-family); font-size: var(--awb-font-size); font-style: var(--awb-text-font-style); letter-spacing: var(--awb-letter-spacing); text-align: var(--awb-content-alignment); text-transform: var(--awb-text-transform); background-color: var(--awb-bg-color-hover);\">faveo-healthcare.com<\/strong><\/p>\n<p><strong>Datos personales tratados para los siguientes fines y utilizando los siguientes servicios:<\/strong><\/p>\n<ul>\n<li>\n<ul>\n<li><strong>Anal\u00edtica<\/strong>\n<ul>\n<li><strong>Google Analytics (Universal Analytics)<\/strong><\/li>\n<\/ul>\n<\/li>\n<\/ul>\n<\/li>\n<\/ul>\n<p>Datos personales: Rastreadores; Datos de uso<\/p>\n<ul>\n<li style=\"list-style-type: none;\">\n<ul>\n<li><strong>Guardado y gesti\u00f3n de copias de seguridad<\/strong>\n<ul>\n<li><strong>Sectigo CodeGuard<\/strong><\/li>\n<\/ul>\n<\/li>\n<\/ul>\n<\/li>\n<\/ul>\n<p>Datos personales: Datos de uso<\/p>\n<ul>\n<li style=\"list-style-type: none;\">\n<ul>\n<li><strong>Creaci\u00f3n y funcionamiento de este sitio web<\/strong>\n<ul>\n<li><strong>WordPress (autoalojado)<\/strong><\/li>\n<\/ul>\n<\/li>\n<\/ul>\n<\/li>\n<\/ul>\n<p>Datos personales: direcci\u00f3n de correo electr\u00f3nico<\/p>\n<ul>\n<li style=\"list-style-type: none;\">\n<ul>\n<li><strong>Contactar con el usuario<\/strong>\n<ul>\n<li><strong>Formulario de contacto<\/strong><\/li>\n<\/ul>\n<\/li>\n<\/ul>\n<\/li>\n<\/ul>\n<p>Datos personales: direcci\u00f3n de correo electr\u00f3nico; nombre; apellidos<\/p>\n<ul>\n<li style=\"list-style-type: none;\">\n<ul>\n<li><strong>Visualizaci\u00f3n de contenidos de plataformas externas<\/strong>\n<ul>\n<li><strong>Google Fonts y v\u00eddeo Vimeo<\/strong><\/li>\n<\/ul>\n<\/li>\n<\/ul>\n<\/li>\n<\/ul>\n<p>Datos personales: Rastreadores; Datos de uso<\/p>\n<ul>\n<li style=\"list-style-type: none;\">\n<ul>\n<li><strong>Protecci\u00f3n contra spam y bots<\/strong>\n<ul>\n<li><strong>Google reCAPTCHA<\/strong><\/li>\n<\/ul>\n<\/li>\n<\/ul>\n<\/li>\n<\/ul>\n<p>Datos personales: respuestas a preguntas; clics; eventos de pulsaci\u00f3n de teclas; eventos del sensor de movimiento; movimientos del rat\u00f3n; posici\u00f3n de desplazamiento; eventos t\u00e1ctiles; Rastreadores; Datos de uso<\/p>\n<ul>\n<li style=\"list-style-type: none;\">\n<ul>\n<li><strong>Gesti\u00f3n de etiquetas<\/strong>\n<ul>\n<li><strong>Google Tag Manager<\/strong><\/li>\n<\/ul>\n<\/li>\n<\/ul>\n<\/li>\n<\/ul>\n<p>Datos personales: Rastreadores; Datos de uso<\/p>\n<p><strong>Informaci\u00f3n de contacto<\/strong><\/p>\n<ul>\n<li>\n<ul>\n<li><strong>Propietario y controlador de datos<\/strong><\/li>\n<\/ul>\n<\/li>\n<\/ul>\n<p>FAVEO HEALTHCARE 38 CASTLE PARK, MONKSTOWN, CO DUBLIN, A94 VN84, IRLANDA <strong>Correo electr\u00f3nico de contacto del propietario:<\/strong> dublin@faveo-healthcare.com \u00daltima actualizaci\u00f3n: 27 de julio de 2024<\/p>\n<p><b><a href=\"https:\/\/www.iubenda.com\/en\/privacy-and-cookie-policy-generator\" data-cmp-ab=\"2\">iubenda<\/a> aloja estos contenidos y s\u00f3lo recoge <a href=\"https:\/\/www.iubenda.com\/privacy-policy\/65011295\" data-cmp-ab=\"2\">los Datos Personales estrictamente necesarios<\/a> para proporcionarlos. Haga clic en el bot\u00f3n \u00abSus opciones de privacidad\u00bb para conocer sus opciones. <\/b><\/p>\n<\/div><div class=\"fusion-image-element \" style=\"--awb-caption-title-font-family:var(--h2_typography-font-family);--awb-caption-title-font-weight:var(--h2_typography-font-weight);--awb-caption-title-font-style:var(--h2_typography-font-style);--awb-caption-title-size:var(--h2_typography-font-size);--awb-caption-title-transform:var(--h2_typography-text-transform);--awb-caption-title-line-height:var(--h2_typography-line-height);--awb-caption-title-letter-spacing:var(--h2_typography-letter-spacing);\"><span class=\" fusion-imageframe imageframe-none imageframe-1 hover-type-none\"><img decoding=\"async\" width=\"912\" height=\"155\" title=\"GDPR Footer buttons image\" src=\"https:\/\/www.faveo-healthcare.com\/wp-content\/uploads\/2024\/08\/GDPR-Footer-buttons-image.jpg\" alt class=\"img-responsive wp-image-10970\" srcset=\"https:\/\/www.faveo-healthcare.com\/wp-content\/uploads\/2024\/08\/GDPR-Footer-buttons-image-200x34.jpg 200w, https:\/\/www.faveo-healthcare.com\/wp-content\/uploads\/2024\/08\/GDPR-Footer-buttons-image-400x68.jpg 400w, https:\/\/www.faveo-healthcare.com\/wp-content\/uploads\/2024\/08\/GDPR-Footer-buttons-image-600x102.jpg 600w, https:\/\/www.faveo-healthcare.com\/wp-content\/uploads\/2024\/08\/GDPR-Footer-buttons-image-800x136.jpg 800w, https:\/\/www.faveo-healthcare.com\/wp-content\/uploads\/2024\/08\/GDPR-Footer-buttons-image.jpg 912w\" sizes=\"(max-width: 1024px) 100vw, (max-width: 640px) 100vw, 912px\" \/><\/span><\/div><div class=\"fusion-text fusion-text-2\"><p><b>Su uso de este sitio web confirmar\u00e1 su aceptaci\u00f3n de los t\u00e9rminos y condiciones de privacidad  <\/b><\/p>\n<\/div><\/div><\/div><\/div><\/div>\n","protected":false},"excerpt":{"rendered":"","protected":false},"author":1,"featured_media":0,"parent":0,"menu_order":0,"comment_status":"closed","ping_status":"closed","template":"","meta":{"_acf_changed":false,"footnotes":""},"class_list":["post-11152","page","type-page","status-publish","hentry"],"acf":[],"_links":{"self":[{"href":"https:\/\/www.faveo-healthcare.com\/es\/wp-json\/wp\/v2\/pages\/11152","targetHints":{"allow":["GET"]}}],"collection":[{"href":"https:\/\/www.faveo-healthcare.com\/es\/wp-json\/wp\/v2\/pages"}],"about":[{"href":"https:\/\/www.faveo-healthcare.com\/es\/wp-json\/wp\/v2\/types\/page"}],"author":[{"embeddable":true,"href":"https:\/\/www.faveo-healthcare.com\/es\/wp-json\/wp\/v2\/users\/1"}],"replies":[{"embeddable":true,"href":"https:\/\/www.faveo-healthcare.com\/es\/wp-json\/wp\/v2\/comments?post=11152"}],"version-history":[{"count":7,"href":"https:\/\/www.faveo-healthcare.com\/es\/wp-json\/wp\/v2\/pages\/11152\/revisions"}],"predecessor-version":[{"id":11167,"href":"https:\/\/www.faveo-healthcare.com\/es\/wp-json\/wp\/v2\/pages\/11152\/revisions\/11167"}],"wp:attachment":[{"href":"https:\/\/www.faveo-healthcare.com\/es\/wp-json\/wp\/v2\/media?parent=11152"}],"curies":[{"name":"wp","href":"https:\/\/api.w.org\/{rel}","templated":true}]}}