{"id":4331,"date":"2020-10-22T14:46:56","date_gmt":"2020-10-22T14:46:56","guid":{"rendered":"https:\/\/www.faveo-healthcare.com\/oblicejove-masky\/"},"modified":"2021-03-14T16:36:46","modified_gmt":"2021-03-14T16:36:46","slug":"oblicejove-masky","status":"publish","type":"page","link":"https:\/\/www.faveo-healthcare.com\/cs\/oblicejove-masky\/","title":{"rendered":"Obli\u010dejov\u00e9 masky"},"content":{"rendered":"<p><div class=\"fusion-fullwidth fullwidth-box fusion-builder-row-1 nonhundred-percent-fullwidth non-hundred-percent-height-scrolling\" style=\"--awb-border-radius-top-left:0px;--awb-border-radius-top-right:0px;--awb-border-radius-bottom-right:0px;--awb-border-radius-bottom-left:0px;--awb-flex-wrap:wrap;\" ><div class=\"fusion-builder-row fusion-row\"><div class=\"fusion-layout-column fusion_builder_column fusion-builder-column-0 fusion_builder_column_1_3 1_3 fusion-one-third fusion-column-first\" style=\"--awb-bg-color:#ffffff;--awb-bg-color-hover:#ffffff;--awb-bg-size:cover;width:33.333333333333%;width:calc(33.333333333333% - ( ( 0% + 10% ) * 0.33333333333333 ) );margin-right: 0%;\"><div class=\"fusion-column-wrapper fusion-column-has-shadow fusion-flex-column-wrapper-legacy\"><div class=\"fusion-title title fusion-title-1 fusion-sep-none fusion-title-text fusion-title-size-three\" style=\"--awb-margin-top:0px;\"><h3 class=\"fusion-title-heading title-heading-left\" style=\"margin:0;\"><h1>Antibakteri\u00e1ln\u00ed masky na obli\u010dej<\/h1><\/h3><\/div><div class=\"fusion-image-element in-legacy-container\" style=\"--awb-caption-title-font-family:var(--h2_typography-font-family);--awb-caption-title-font-weight:var(--h2_typography-font-weight);--awb-caption-title-font-style:var(--h2_typography-font-style);--awb-caption-title-size:var(--h2_typography-font-size);--awb-caption-title-transform:var(--h2_typography-text-transform);--awb-caption-title-line-height:var(--h2_typography-line-height);--awb-caption-title-letter-spacing:var(--h2_typography-letter-spacing);\"><span class=\" fusion-imageframe imageframe-none imageframe-1 hover-type-zoomin fusion-animated\" data-animationType=\"zoomInLeft\" data-animationDuration=\"0.3\" data-animationOffset=\"top-into-view\"><img decoding=\"async\" width=\"1822\" height=\"1599\" title=\"Masks 6 colours 05-2020\" src=\"https:\/\/www.faveo-healthcare.com\/wp-content\/uploads\/2020\/05\/Masks-6-colours-05-2020.jpg\" alt class=\"img-responsive wp-image-690\" srcset=\"https:\/\/www.faveo-healthcare.com\/wp-content\/uploads\/2020\/05\/Masks-6-colours-05-2020-1200x1053.jpg 1200w, https:\/\/www.faveo-healthcare.com\/wp-content\/uploads\/2020\/05\/Masks-6-colours-05-2020.jpg 1822w\" sizes=\"(max-width: 800px) 100vw, 1822px\" \/><\/span><\/div><div class=\"fusion-text fusion-text-1\"><p><strong><em>Certifik\u00e1ty a protokoly o zkou\u0161k\u00e1ch<\/em><\/strong><\/p>\n<p>Antibakteri\u00e1ln\u00ed vlastnosti byly schv\u00e1leny certifik\u00e1tem VUTCH &#8211; CHEMITEX podle normy AATCC TM 100: 2012 (Klebsiella pneumoniae, Staphylococcus aureus) a protokolem o zkou\u0161ce VUTCH &#8211; CHEMITEX podle normy ASTM E2149-13a (Escherichia coli).<\/p>\n<p><strong>PROLEN\u00aeSILTEX<\/strong> spl\u0148uje po\u017eadavky Oeko-tex\u00ae Standard 100 &#8211; t\u0159\u00edda 1 &#8211; d\u011btsk\u00e9 v\u00fdrobky. Lidsk\u00e9 ekologick\u00e9 vlastnosti<strong> PROLEN\u00aeSILTEX<\/strong> jsou schv\u00e1leny Bluesign\u00ae.<\/p>\n<\/div><div class=\"fusion-clearfix\"><\/div><\/div><\/div><div class=\"fusion-layout-column fusion_builder_column fusion-builder-column-1 fusion_builder_column_1_3 1_3 fusion-one-third\" style=\"--awb-bg-size:cover;--awb-margin-top:16px;--awb-margin-bottom:16px;width:33.333333333333%;width:calc(33.333333333333% - ( ( 0% + 10% ) * 0.33333333333333 ) );margin-right: 10%;\"><div class=\"fusion-column-wrapper fusion-column-has-shadow fusion-flex-column-wrapper-legacy\"><div class=\"fusion-text fusion-text-2\"><p><strong>PROLEN\u00aeSILTEX<\/strong> je speci\u00e1ln\u00ed polypropylenov\u00e1 p\u0159\u00edze o\u0161et\u0159en\u00e1 permanentn\u00ed antibakteri\u00e1ln\u00ed p\u0159\u00edsadou na b\u00e1zi fosf\u00e1tov\u00e9ho skla.<\/p>\n<p><strong>PROLEN\u00aeSILTEX<\/strong> je \u00fa\u010dinn\u00fd proti r\u016fstu bakteri\u00ed a nep\u0159\u00edjemn\u00fdch pach\u016f pro hygienickou sv\u011b\u017eest. Je ne\u0161kodn\u00fd pro \u010dlov\u011bka i \u017eivotn\u00ed prost\u0159ed\u00ed.<\/p>\n<p>Antibakteri\u00e1ln\u00ed \u00fa\u010dinek st\u0159\u00edbra je zn\u00e1m ji\u017e po mnoho stalet\u00ed. Ionty st\u0159\u00edbra inhibuj\u00ed r\u016fst bakteri\u00ed, omezuj\u00ed nep\u0159\u00edjemn\u00e9 pachy, udr\u017euj\u00ed biologickou rovnov\u00e1hu poko\u017eky a nastavuj\u00ed hygienickou sv\u011b\u017eest produktu b\u011bhem sportovn\u00edch a volno\u010dasov\u00fdch aktivit. Vzhledem k tomu, \u017ee bakteriostatick\u00e9 \u010dinidlo se nan\u00e1\u0161\u00ed na j\u00e1dro p\u0159\u00edze a nikoli na jej\u00ed povrch, nemigruje z tkaniny a trvale v n\u00ed z\u016fst\u00e1v\u00e1 i po v\u00edcen\u00e1sobn\u00e9m pran\u00ed.<\/p>\n<p><strong>PROLEN\u00aeSILTEX<\/strong> byl vytvo\u0159en pro spodn\u00ed pr\u00e1dlo, sportovn\u00ed od\u011bvy, pracovn\u00ed od\u011bvy, pono\u017eky, v\u00fdpl\u0148ov\u00fd materi\u00e1l pro boty, lo\u017en\u00ed pr\u00e1dlo, pod\u0161\u00edvku a \u010daloun\u011bn\u00ed k ochran\u011b v prost\u0159ed\u00edch, kter\u00e1 vy\u017eaduj\u00ed vysok\u00e9 hygienick\u00e9 standardy.<\/p>\n<\/div><div class=\"fusion-clearfix\"><\/div><\/div><\/div><div class=\"fusion-layout-column fusion_builder_column fusion-builder-column-2 fusion_builder_column_1_3 1_3 fusion-one-third fusion-column-last\" style=\"--awb-bg-size:cover;--awb-margin-top:16px;--awb-margin-bottom:16px;width:33.333333333333%;width:calc(33.333333333333% - ( ( 0% + 10% ) * 0.33333333333333 ) );\"><div class=\"fusion-column-wrapper fusion-column-has-shadow fusion-flex-column-wrapper-legacy\"><div class=\"fusion-image-element in-legacy-container\" style=\"--awb-caption-title-font-family:var(--h2_typography-font-family);--awb-caption-title-font-weight:var(--h2_typography-font-weight);--awb-caption-title-font-style:var(--h2_typography-font-style);--awb-caption-title-size:var(--h2_typography-font-size);--awb-caption-title-transform:var(--h2_typography-text-transform);--awb-caption-title-line-height:var(--h2_typography-line-height);--awb-caption-title-letter-spacing:var(--h2_typography-letter-spacing);\"><span class=\" fusion-imageframe imageframe-none imageframe-2 hover-type-zoomin\"><img decoding=\"async\" width=\"1199\" height=\"1682\" title=\"Masks Anti- Bacterial Cert SK version\" src=\"https:\/\/www.faveo-healthcare.com\/wp-content\/uploads\/2020\/06\/Masks-Anti-Bacterial-Cert-SK-version.jpg\" alt class=\"img-responsive wp-image-1824\" srcset=\"https:\/\/www.faveo-healthcare.com\/wp-content\/uploads\/2020\/06\/Masks-Anti-Bacterial-Cert-SK-version-200x281.jpg 200w, https:\/\/www.faveo-healthcare.com\/wp-content\/uploads\/2020\/06\/Masks-Anti-Bacterial-Cert-SK-version-400x561.jpg 400w, https:\/\/www.faveo-healthcare.com\/wp-content\/uploads\/2020\/06\/Masks-Anti-Bacterial-Cert-SK-version-600x842.jpg 600w, https:\/\/www.faveo-healthcare.com\/wp-content\/uploads\/2020\/06\/Masks-Anti-Bacterial-Cert-SK-version-800x1122.jpg 800w, https:\/\/www.faveo-healthcare.com\/wp-content\/uploads\/2020\/06\/Masks-Anti-Bacterial-Cert-SK-version.jpg 1199w\" sizes=\"(max-width: 800px) 100vw, 400px\" \/><\/span><\/div><div class=\"fusion-image-element in-legacy-container\" style=\"--awb-caption-title-font-family:var(--h2_typography-font-family);--awb-caption-title-font-weight:var(--h2_typography-font-weight);--awb-caption-title-font-style:var(--h2_typography-font-style);--awb-caption-title-size:var(--h2_typography-font-size);--awb-caption-title-transform:var(--h2_typography-text-transform);--awb-caption-title-line-height:var(--h2_typography-line-height);--awb-caption-title-letter-spacing:var(--h2_typography-letter-spacing);\"><span class=\" fusion-imageframe imageframe-none imageframe-3 hover-type-zoomin\"><img decoding=\"async\" width=\"1168\" height=\"1664\" title=\"Masks Anti- Bacterial Cert EN translation\" src=\"https:\/\/www.faveo-healthcare.com\/wp-content\/uploads\/2020\/06\/Masks-Anti-Bacterial-Cert-EN-translation.jpg\" alt class=\"img-responsive wp-image-1803\" srcset=\"https:\/\/www.faveo-healthcare.com\/wp-content\/uploads\/2020\/06\/Masks-Anti-Bacterial-Cert-EN-translation-200x285.jpg 200w, https:\/\/www.faveo-healthcare.com\/wp-content\/uploads\/2020\/06\/Masks-Anti-Bacterial-Cert-EN-translation-400x570.jpg 400w, https:\/\/www.faveo-healthcare.com\/wp-content\/uploads\/2020\/06\/Masks-Anti-Bacterial-Cert-EN-translation-600x855.jpg 600w, https:\/\/www.faveo-healthcare.com\/wp-content\/uploads\/2020\/06\/Masks-Anti-Bacterial-Cert-EN-translation-800x1140.jpg 800w, https:\/\/www.faveo-healthcare.com\/wp-content\/uploads\/2020\/06\/Masks-Anti-Bacterial-Cert-EN-translation.jpg 1168w\" sizes=\"(max-width: 800px) 100vw, 400px\" \/><\/span><\/div><div class=\"fusion-clearfix\"><\/div><\/div><\/div><\/div><\/div><div class=\"fusion-fullwidth fullwidth-box fusion-builder-row-2 nonhundred-percent-fullwidth non-hundred-percent-height-scrolling\" style=\"--awb-border-radius-top-left:0px;--awb-border-radius-top-right:0px;--awb-border-radius-bottom-right:0px;--awb-border-radius-bottom-left:0px;--awb-flex-wrap:wrap;\" ><div class=\"fusion-builder-row fusion-row\"><div class=\"fusion-layout-column fusion_builder_column fusion-builder-column-3 fusion_builder_column_1_6 1_6 fusion-one-sixth fusion-column-first\" style=\"--awb-bg-size:cover;width:16.666666666667%;width:calc(16.666666666667% - ( ( 4% + 4% + 4% ) * 0.16666666666667 ) );margin-right: 4%;\"><div class=\"fusion-column-wrapper fusion-column-has-shadow fusion-flex-column-wrapper-legacy\"><i class=\"fb-icon-element-1 fb-icon-element fontawesome-icon fa-box-open fas circle-yes fusion-text-flow\" style=\"--awb-iconcolor:#000000;--awb-circlecolor:#ffffff;--awb-circlebordersize:1px;--awb-font-size:28.16px;--awb-width:56.32px;--awb-height:56.32px;--awb-line-height:54.32px;--awb-margin-right:16px;\"><\/i><div class=\"fusion-text fusion-text-3\"><h2 style=\"text-align: left;\">detaily balen\u00ed<\/h2>\n<\/div><div class=\"fusion-clearfix\"><\/div><\/div><\/div><div class=\"fusion-layout-column fusion_builder_column fusion-builder-column-4 fusion_builder_column_1_3 1_3 fusion-one-third\" style=\"--awb-bg-size:cover;width:33.333333333333%;width:calc(33.333333333333% - ( ( 4% + 4% + 4% ) * 0.33333333333333 ) );margin-right: 4%;\"><div class=\"fusion-column-wrapper fusion-column-has-shadow fusion-flex-column-wrapper-legacy\"><div class=\"fusion-text fusion-text-4\"><p><b>Norm\u00e1ln\u011b dod\u00e1van\u00e9 hromadn\u011b balen\u00e9, ale lze je dodat v mal\u00e9m po\u010dtu kus\u016f za dal\u0161\u00ed manipula\u010dn\u00ed a balic\u00ed n\u00e1klady.<\/b><\/p>\n<p><b>Obalov\u00fd design a zdroje lze zajistit za p\u0159\u00edplatek.<\/b><\/p>\n<p><b>Na v\u00fdb\u011br jsou flexibiln\u00ed (ta\u0161ka) nebo tuh\u00e1 (krabice) a\u017e 6 barev.<\/b><\/p>\n<\/div><div class=\"fusion-clearfix\"><\/div><\/div><\/div><div class=\"fusion-layout-column fusion_builder_column fusion-builder-column-5 fusion_builder_column_1_6 1_6 fusion-one-sixth\" style=\"--awb-bg-size:cover;width:16.666666666667%;width:calc(16.666666666667% - ( ( 4% + 4% + 4% ) * 0.16666666666667 ) );margin-right: 4%;\"><div class=\"fusion-column-wrapper fusion-column-has-shadow fusion-flex-column-wrapper-legacy\"><i class=\"fb-icon-element-2 fb-icon-element fontawesome-icon fa-th fas circle-yes fusion-text-flow\" style=\"--awb-iconcolor:#000000;--awb-circlecolor:#ffffff;--awb-circlecolor-hover:#00bcd4;--awb-circlebordercolor:#000000;--awb-circlebordercolor-hover:#ffffff;--awb-circlebordersize:1px;--awb-font-size:28.16px;--awb-width:56.32px;--awb-height:56.32px;--awb-line-height:54.32px;--awb-margin-right:16px;\"><\/i><div class=\"fusion-text fusion-text-5\"><h2 style=\"text-align: left;\">Materi\u00e1ly<\/h2>\n<\/div><div class=\"fusion-clearfix\"><\/div><\/div><\/div><div class=\"fusion-layout-column fusion_builder_column fusion-builder-column-6 fusion_builder_column_1_3 1_3 fusion-one-third fusion-column-last\" style=\"--awb-bg-size:cover;width:33.333333333333%;width:calc(33.333333333333% - ( ( 4% + 4% + 4% ) * 0.33333333333333 ) );\"><div class=\"fusion-column-wrapper fusion-column-has-shadow fusion-flex-column-wrapper-legacy\">\n<div class=\"table-2\">\n<table style=\"height: 148px;\" width=\"257\">\n<thead>\n<tr>\n<th align=\"left\">Materi\u00e1ly<\/th>\n<th align=\"left\">%<em> (P\u0159ibli\u017en\u00fd)<\/em><\/th>\n<th align=\"left\">Pozn\u00e1mky<\/th>\n<\/tr>\n<\/thead>\n<tbody>\n<tr>\n<td align=\"left\">Polypropylen *<\/td>\n<td align=\"left\">75%<\/td>\n<td align=\"left\">*<strong> PROLEN\u00aeSILTEX o\u0161et\u0159en\u00fd permanentn\u00ed antibakteri\u00e1ln\u00ed p\u0159\u00edsadou na b\u00e1zi fosfore\u010dnanu st\u0159\u00edbrn\u00e9ho<\/strong><\/td>\n<\/tr>\n<tr>\n<td align=\"left\">Polyamid<\/td>\n<td align=\"left\">10%<\/td>\n<td align=\"left\"><\/td>\n<\/tr>\n<tr>\n<td align=\"left\">Elastan<\/td>\n<td align=\"left\">15%<\/td>\n<td align=\"left\"><\/td>\n<\/tr>\n<\/tbody>\n<\/table>\n<\/div>\n<div class=\"fusion-clearfix\"><\/div><\/div><\/div><\/div><\/div><\/p>\n","protected":false},"excerpt":{"rendered":"","protected":false},"author":1,"featured_media":0,"parent":0,"menu_order":0,"comment_status":"closed","ping_status":"closed","template":"","meta":{"_acf_changed":false,"footnotes":""},"class_list":["post-4331","page","type-page","status-publish","hentry"],"acf":[],"_links":{"self":[{"href":"https:\/\/www.faveo-healthcare.com\/cs\/wp-json\/wp\/v2\/pages\/4331","targetHints":{"allow":["GET"]}}],"collection":[{"href":"https:\/\/www.faveo-healthcare.com\/cs\/wp-json\/wp\/v2\/pages"}],"about":[{"href":"https:\/\/www.faveo-healthcare.com\/cs\/wp-json\/wp\/v2\/types\/page"}],"author":[{"embeddable":true,"href":"https:\/\/www.faveo-healthcare.com\/cs\/wp-json\/wp\/v2\/users\/1"}],"replies":[{"embeddable":true,"href":"https:\/\/www.faveo-healthcare.com\/cs\/wp-json\/wp\/v2\/comments?post=4331"}],"version-history":[{"count":37,"href":"https:\/\/www.faveo-healthcare.com\/cs\/wp-json\/wp\/v2\/pages\/4331\/revisions"}],"predecessor-version":[{"id":6334,"href":"https:\/\/www.faveo-healthcare.com\/cs\/wp-json\/wp\/v2\/pages\/4331\/revisions\/6334"}],"wp:attachment":[{"href":"https:\/\/www.faveo-healthcare.com\/cs\/wp-json\/wp\/v2\/media?parent=4331"}],"curies":[{"name":"wp","href":"https:\/\/api.w.org\/{rel}","templated":true}]}}