{"id":5059,"date":"2020-11-16T11:44:09","date_gmt":"2020-11-16T11:44:09","guid":{"rendered":"https:\/\/www.faveo-healthcare.com\/mascares-facials\/"},"modified":"2021-03-14T16:36:20","modified_gmt":"2021-03-14T16:36:20","slug":"mascares-facials","status":"publish","type":"page","link":"https:\/\/www.faveo-healthcare.com\/ca\/mascares-facials\/","title":{"rendered":"M\u00e0scares facials"},"content":{"rendered":"<p><div class=\"fusion-fullwidth fullwidth-box fusion-builder-row-1 nonhundred-percent-fullwidth non-hundred-percent-height-scrolling\" style=\"--awb-border-radius-top-left:0px;--awb-border-radius-top-right:0px;--awb-border-radius-bottom-right:0px;--awb-border-radius-bottom-left:0px;--awb-flex-wrap:wrap;\" ><div class=\"fusion-builder-row fusion-row\"><div class=\"fusion-layout-column fusion_builder_column fusion-builder-column-0 fusion_builder_column_1_3 1_3 fusion-one-third fusion-column-first\" style=\"--awb-bg-color:#ffffff;--awb-bg-color-hover:#ffffff;--awb-bg-size:cover;width:33.333333333333%;width:calc(33.333333333333% - ( ( 0% + 10% ) * 0.33333333333333 ) );margin-right: 0%;\"><div class=\"fusion-column-wrapper fusion-column-has-shadow fusion-flex-column-wrapper-legacy\"><div class=\"fusion-title title fusion-title-1 fusion-sep-none fusion-title-text fusion-title-size-three\" style=\"--awb-margin-top:0px;\"><h3 class=\"fusion-title-heading title-heading-left\" style=\"margin:0;\"><h1>M\u00e0scares facials antibacterianes<\/h1><\/h3><\/div><div class=\"fusion-image-element in-legacy-container\" style=\"--awb-caption-title-font-family:var(--h2_typography-font-family);--awb-caption-title-font-weight:var(--h2_typography-font-weight);--awb-caption-title-font-style:var(--h2_typography-font-style);--awb-caption-title-size:var(--h2_typography-font-size);--awb-caption-title-transform:var(--h2_typography-text-transform);--awb-caption-title-line-height:var(--h2_typography-line-height);--awb-caption-title-letter-spacing:var(--h2_typography-letter-spacing);\"><span class=\" fusion-imageframe imageframe-none imageframe-1 hover-type-zoomin fusion-animated\" data-animationType=\"zoomInLeft\" data-animationDuration=\"0.3\" data-animationOffset=\"top-into-view\"><img decoding=\"async\" width=\"1822\" height=\"1599\" title=\"Masks 6 colours 05-2020\" src=\"https:\/\/www.faveo-healthcare.com\/wp-content\/uploads\/2020\/05\/Masks-6-colours-05-2020.jpg\" alt class=\"img-responsive wp-image-20\" srcset=\"https:\/\/www.faveo-healthcare.com\/wp-content\/uploads\/2020\/05\/Masks-6-colours-05-2020-1200x1053.jpg 1200w, https:\/\/www.faveo-healthcare.com\/wp-content\/uploads\/2020\/05\/Masks-6-colours-05-2020.jpg 1822w\" sizes=\"(max-width: 800px) 100vw, 1822px\" \/><\/span><\/div><div class=\"fusion-text fusion-text-1\"><p><strong><em>Certificats i informes de proves<\/em><\/strong><\/p>\n<p>Les propietats antibacterianes han estat aprovades pel certificat VUTCH &#8211; CHEMITEX segons l\u2019est\u00e0ndard AATCC TM 100: 2012 (Klebsiella pneumoniae, Staphylococcus aureus) i per l\u2019informe de proves VUTCH &#8211; CHEMITEX segons l\u2019est\u00e0ndard ASTM E2149-13a (Escherichia coli).<\/p>\n<p><strong>PROLEN\u00aeSILTEX<\/strong> compleix els requisits d\u2019Oeko-tex\u00ae Standard 100 &#8211; articles per a nadons de classe 1. Les propietats ecol\u00f2giques de l\u2019home<strong> PROLEN\u00aeSILTEX<\/strong> estan APROVATS Bluesign\u00ae.<\/p>\n<\/div><div class=\"fusion-clearfix\"><\/div><\/div><\/div><div class=\"fusion-layout-column fusion_builder_column fusion-builder-column-1 fusion_builder_column_1_3 1_3 fusion-one-third\" style=\"--awb-bg-size:cover;--awb-margin-top:16px;--awb-margin-bottom:16px;width:33.333333333333%;width:calc(33.333333333333% - ( ( 0% + 10% ) * 0.33333333333333 ) );margin-right: 10%;\"><div class=\"fusion-column-wrapper fusion-column-has-shadow fusion-flex-column-wrapper-legacy\"><div class=\"fusion-text fusion-text-2\"><p><strong>PROLEN\u00aeSILTEX<\/strong> \u00e9s un fil de polipropil\u00e8 especial tractat amb un additiu antibacteri\u00e0 permanent, basat en vidre fosfat de plata.<\/p>\n<p><strong>PROLEN\u00aeSILTEX<\/strong> \u00e9s efica\u00e7 contra el creixement de bacteris i olors desagradables per a la frescor higi\u00e8nica. \u00c9s inofensiu per als humans i el medi ambient.<\/p>\n<p>L\u2019efecte antibacteri\u00e0 de la plata es coneix ja des de fa molts segles. Els ions de plata inhibeixen el creixement de bacteris, redueixen les olors desagradables, mantenen un equilibri biol\u00f2gic de la pell i confereixen frescor higi\u00e8nica al producte durant les activitats esportives i d\u2019oci. A causa del fet que l\u2019agent bacteriost\u00e0tic s\u2019aplica al nucli del fil i no a la seva superf\u00edcie, no migra del teixit i hi roman permanentment fins i tot despr\u00e9s de diversos rentats.<\/p>\n<p><strong>PROLEN\u00aeSILTEX<\/strong> s\u2019ha creat per a roba interior, roba esportiva, roba de treball, mitjons, material d\u2019ompliment de sabates, roba de llit, folre i tapisseria per protegir-lo en entorns que requereixen alts est\u00e0ndards higi\u00e8nics.<\/p>\n<\/div><div class=\"fusion-clearfix\"><\/div><\/div><\/div><div class=\"fusion-layout-column fusion_builder_column fusion-builder-column-2 fusion_builder_column_1_3 1_3 fusion-one-third fusion-column-last\" style=\"--awb-bg-size:cover;--awb-margin-top:16px;--awb-margin-bottom:16px;width:33.333333333333%;width:calc(33.333333333333% - ( ( 0% + 10% ) * 0.33333333333333 ) );\"><div class=\"fusion-column-wrapper fusion-column-has-shadow fusion-flex-column-wrapper-legacy\"><div class=\"fusion-image-element in-legacy-container\" style=\"--awb-caption-title-font-family:var(--h2_typography-font-family);--awb-caption-title-font-weight:var(--h2_typography-font-weight);--awb-caption-title-font-style:var(--h2_typography-font-style);--awb-caption-title-size:var(--h2_typography-font-size);--awb-caption-title-transform:var(--h2_typography-text-transform);--awb-caption-title-line-height:var(--h2_typography-line-height);--awb-caption-title-letter-spacing:var(--h2_typography-letter-spacing);\"><span class=\" fusion-imageframe imageframe-none imageframe-2 hover-type-zoomin\"><img decoding=\"async\" width=\"1199\" height=\"1682\" title=\"Masks Anti- Bacterial Cert SK version\" src=\"https:\/\/www.faveo-healthcare.com\/wp-content\/uploads\/2020\/06\/Masks-Anti-Bacterial-Cert-SK-version.jpg\" alt class=\"img-responsive wp-image-250\" srcset=\"https:\/\/www.faveo-healthcare.com\/wp-content\/uploads\/2020\/06\/Masks-Anti-Bacterial-Cert-SK-version-200x281.jpg 200w, https:\/\/www.faveo-healthcare.com\/wp-content\/uploads\/2020\/06\/Masks-Anti-Bacterial-Cert-SK-version-400x561.jpg 400w, https:\/\/www.faveo-healthcare.com\/wp-content\/uploads\/2020\/06\/Masks-Anti-Bacterial-Cert-SK-version-600x842.jpg 600w, https:\/\/www.faveo-healthcare.com\/wp-content\/uploads\/2020\/06\/Masks-Anti-Bacterial-Cert-SK-version-800x1122.jpg 800w, https:\/\/www.faveo-healthcare.com\/wp-content\/uploads\/2020\/06\/Masks-Anti-Bacterial-Cert-SK-version.jpg 1199w\" sizes=\"(max-width: 800px) 100vw, 400px\" \/><\/span><\/div><div class=\"fusion-image-element in-legacy-container\" style=\"--awb-caption-title-font-family:var(--h2_typography-font-family);--awb-caption-title-font-weight:var(--h2_typography-font-weight);--awb-caption-title-font-style:var(--h2_typography-font-style);--awb-caption-title-size:var(--h2_typography-font-size);--awb-caption-title-transform:var(--h2_typography-text-transform);--awb-caption-title-line-height:var(--h2_typography-line-height);--awb-caption-title-letter-spacing:var(--h2_typography-letter-spacing);\"><span class=\" fusion-imageframe imageframe-none imageframe-3 hover-type-zoomin\"><img decoding=\"async\" width=\"1168\" height=\"1664\" title=\"Masks Anti- Bacterial Cert EN translation\" src=\"https:\/\/www.faveo-healthcare.com\/wp-content\/uploads\/2020\/06\/Masks-Anti-Bacterial-Cert-EN-translation.jpg\" alt class=\"img-responsive wp-image-249\" srcset=\"https:\/\/www.faveo-healthcare.com\/wp-content\/uploads\/2020\/06\/Masks-Anti-Bacterial-Cert-EN-translation-200x285.jpg 200w, https:\/\/www.faveo-healthcare.com\/wp-content\/uploads\/2020\/06\/Masks-Anti-Bacterial-Cert-EN-translation-400x570.jpg 400w, https:\/\/www.faveo-healthcare.com\/wp-content\/uploads\/2020\/06\/Masks-Anti-Bacterial-Cert-EN-translation-600x855.jpg 600w, https:\/\/www.faveo-healthcare.com\/wp-content\/uploads\/2020\/06\/Masks-Anti-Bacterial-Cert-EN-translation-800x1140.jpg 800w, https:\/\/www.faveo-healthcare.com\/wp-content\/uploads\/2020\/06\/Masks-Anti-Bacterial-Cert-EN-translation.jpg 1168w\" sizes=\"(max-width: 800px) 100vw, 400px\" \/><\/span><\/div><div class=\"fusion-clearfix\"><\/div><\/div><\/div><\/div><\/div><div class=\"fusion-fullwidth fullwidth-box fusion-builder-row-2 nonhundred-percent-fullwidth non-hundred-percent-height-scrolling\" style=\"--awb-border-radius-top-left:0px;--awb-border-radius-top-right:0px;--awb-border-radius-bottom-right:0px;--awb-border-radius-bottom-left:0px;--awb-flex-wrap:wrap;\" ><div class=\"fusion-builder-row fusion-row\"><div class=\"fusion-layout-column fusion_builder_column fusion-builder-column-3 fusion_builder_column_1_6 1_6 fusion-one-sixth fusion-column-first\" style=\"--awb-bg-size:cover;width:16.666666666667%;width:calc(16.666666666667% - ( ( 4% + 4% + 4% ) * 0.16666666666667 ) );margin-right: 4%;\"><div class=\"fusion-column-wrapper fusion-column-has-shadow fusion-flex-column-wrapper-legacy\"><i class=\"fb-icon-element-1 fb-icon-element fontawesome-icon fa-box-open fas circle-yes fusion-text-flow\" style=\"--awb-iconcolor:#000000;--awb-circlecolor:#ffffff;--awb-circlebordersize:1px;--awb-font-size:28.16px;--awb-width:56.32px;--awb-height:56.32px;--awb-line-height:54.32px;--awb-margin-right:16px;\"><\/i><div class=\"fusion-text fusion-text-3\"><h2 style=\"text-align: left;\">Detalls de l\u2019embalatge<\/h2>\n<\/div><div class=\"fusion-clearfix\"><\/div><\/div><\/div><div class=\"fusion-layout-column fusion_builder_column fusion-builder-column-4 fusion_builder_column_1_3 1_3 fusion-one-third\" style=\"--awb-bg-size:cover;width:33.333333333333%;width:calc(33.333333333333% - ( ( 4% + 4% + 4% ) * 0.33333333333333 ) );margin-right: 4%;\"><div class=\"fusion-column-wrapper fusion-column-has-shadow fusion-flex-column-wrapper-legacy\"><div class=\"fusion-text fusion-text-4\"><p><b>Normalment es subministra embalat a granel, per\u00f2 es pot subministrar en petites mides amb un cost addicional de manipulaci\u00f3 i embalatge.<\/b><\/p>\n<p><b>El disseny i l\u2019abastiment d\u2019envasos es poden proporcionar a un cost addicional.<\/b><\/p>\n<p><b>Les opcions inclouen flexibles (bossa) o r\u00edgides (caixa) fins a 6 colors.<\/b><\/p>\n<\/div><div class=\"fusion-clearfix\"><\/div><\/div><\/div><div class=\"fusion-layout-column fusion_builder_column fusion-builder-column-5 fusion_builder_column_1_6 1_6 fusion-one-sixth\" style=\"--awb-bg-size:cover;width:16.666666666667%;width:calc(16.666666666667% - ( ( 4% + 4% + 4% ) * 0.16666666666667 ) );margin-right: 4%;\"><div class=\"fusion-column-wrapper fusion-column-has-shadow fusion-flex-column-wrapper-legacy\"><i class=\"fb-icon-element-2 fb-icon-element fontawesome-icon fa-th fas circle-yes fusion-text-flow\" style=\"--awb-iconcolor:#000000;--awb-circlecolor:#ffffff;--awb-circlecolor-hover:#00bcd4;--awb-circlebordercolor:#000000;--awb-circlebordercolor-hover:#ffffff;--awb-circlebordersize:1px;--awb-font-size:28.16px;--awb-width:56.32px;--awb-height:56.32px;--awb-line-height:54.32px;--awb-margin-right:16px;\"><\/i><div class=\"fusion-text fusion-text-5\"><h2 style=\"text-align: left;\">Materials<\/h2>\n<\/div><div class=\"fusion-clearfix\"><\/div><\/div><\/div><div class=\"fusion-layout-column fusion_builder_column fusion-builder-column-6 fusion_builder_column_1_3 1_3 fusion-one-third fusion-column-last\" style=\"--awb-bg-size:cover;width:33.333333333333%;width:calc(33.333333333333% - ( ( 4% + 4% + 4% ) * 0.33333333333333 ) );\"><div class=\"fusion-column-wrapper fusion-column-has-shadow fusion-flex-column-wrapper-legacy\">\n<div class=\"table-2\">\n<table style=\"height: 148px;\" width=\"257\">\n<thead>\n<tr>\n<th align=\"left\">Materials<\/th>\n<th align=\"left\">%<em> (Aproximat)<\/em><\/th>\n<th align=\"left\">Notes<\/th>\n<\/tr>\n<\/thead>\n<tbody>\n<tr>\n<td align=\"left\">Polipropil\u00e8 *<\/td>\n<td align=\"left\">75%<\/td>\n<td align=\"left\">*<strong> PROLEN\u00aeSILTEX tractat amb un additiu antibacteri\u00e0 permanent, a base de vidre fosfat de plata<\/strong><\/td>\n<\/tr>\n<tr>\n<td align=\"left\">Poliamida<\/td>\n<td align=\"left\">10%<\/td>\n<td align=\"left\"><\/td>\n<\/tr>\n<tr>\n<td align=\"left\">Elast\u00e0<\/td>\n<td align=\"left\">15%<\/td>\n<td align=\"left\"><\/td>\n<\/tr>\n<\/tbody>\n<\/table>\n<\/div>\n<div class=\"fusion-clearfix\"><\/div><\/div><\/div><\/div><\/div><\/p>\n","protected":false},"excerpt":{"rendered":"","protected":false},"author":1,"featured_media":0,"parent":0,"menu_order":0,"comment_status":"closed","ping_status":"closed","template":"","meta":{"_acf_changed":false,"footnotes":""},"class_list":["post-5059","page","type-page","status-publish","hentry"],"acf":[],"_links":{"self":[{"href":"https:\/\/www.faveo-healthcare.com\/ca\/wp-json\/wp\/v2\/pages\/5059","targetHints":{"allow":["GET"]}}],"collection":[{"href":"https:\/\/www.faveo-healthcare.com\/ca\/wp-json\/wp\/v2\/pages"}],"about":[{"href":"https:\/\/www.faveo-healthcare.com\/ca\/wp-json\/wp\/v2\/types\/page"}],"author":[{"embeddable":true,"href":"https:\/\/www.faveo-healthcare.com\/ca\/wp-json\/wp\/v2\/users\/1"}],"replies":[{"embeddable":true,"href":"https:\/\/www.faveo-healthcare.com\/ca\/wp-json\/wp\/v2\/comments?post=5059"}],"version-history":[{"count":12,"href":"https:\/\/www.faveo-healthcare.com\/ca\/wp-json\/wp\/v2\/pages\/5059\/revisions"}],"predecessor-version":[{"id":6320,"href":"https:\/\/www.faveo-healthcare.com\/ca\/wp-json\/wp\/v2\/pages\/5059\/revisions\/6320"}],"wp:attachment":[{"href":"https:\/\/www.faveo-healthcare.com\/ca\/wp-json\/wp\/v2\/media?parent=5059"}],"curies":[{"name":"wp","href":"https:\/\/api.w.org\/{rel}","templated":true}]}}